{"id":966,"date":"2022-06-19T14:57:59","date_gmt":"2022-06-19T12:57:59","guid":{"rendered":"https:\/\/amiraapartman.hu\/?page_id=966"},"modified":"2022-06-19T15:01:06","modified_gmt":"2022-06-19T13:01:06","slug":"hazirend","status":"publish","type":"page","link":"https:\/\/amiraapartman.hu\/sk\/hazirend\/","title":{"rendered":"Dom\u00e1ci poriadok"},"content":{"rendered":"<div data-elementor-type=\"wp-page\" data-elementor-id=\"966\" class=\"elementor elementor-966\" data-elementor-post-type=\"page\">\n\t\t\t\t\t\t<section class=\"elementor-section elementor-top-section elementor-element elementor-element-ca9e0fd elementor-section-boxed elementor-section-height-default elementor-section-height-default\" data-id=\"ca9e0fd\" data-element_type=\"section\" data-e-type=\"section\">\n\t\t\t\t\t\t<div class=\"elementor-container elementor-column-gap-default\">\n\t\t\t\t\t<div class=\"elementor-column elementor-col-100 elementor-top-column elementor-element elementor-element-877ea98\" data-id=\"877ea98\" data-element_type=\"column\" data-e-type=\"column\">\n\t\t\t<div class=\"elementor-widget-wrap elementor-element-populated\">\n\t\t\t\t\t\t<div class=\"elementor-element elementor-element-bc4fcd8 elementor-widget elementor-widget-heading\" data-id=\"bc4fcd8\" data-element_type=\"widget\" data-e-type=\"widget\" data-widget_type=\"heading.default\">\n\t\t\t\t<div class=\"elementor-widget-container\">\n\t\t\t\t\t<h2 class=\"elementor-heading-title elementor-size-default\">Dom\u00e1ci poriadok<\/h2>\t\t\t\t<\/div>\n\t\t\t\t<\/div>\n\t\t\t\t<div class=\"elementor-element elementor-element-eab4e15 elementor-widget-divider--separator-type-pattern elementor-widget-divider--view-line elementor-widget elementor-widget-divider\" data-id=\"eab4e15\" data-element_type=\"widget\" data-e-type=\"widget\" data-widget_type=\"divider.default\">\n\t\t\t\t<div class=\"elementor-widget-container\">\n\t\t\t\t\t\t\t<div class=\"elementor-divider\" style=\"--divider-pattern-url: url(&quot;data:image\/svg+xml,%3Csvg xmlns=&#039;http:\/\/www.w3.org\/2000\/svg&#039; preserveAspectRatio=&#039;none&#039; overflow=&#039;visible&#039; height=&#039;100%&#039; viewBox=&#039;0 0 24 24&#039; fill=&#039;none&#039; stroke=&#039;black&#039; stroke-width=&#039;2&#039; stroke-linecap=&#039;square&#039; stroke-miterlimit=&#039;10&#039;%3E%3Cpolyline points=&#039;0,18 12,6 24,18 &#039;\/%3E%3C\/svg%3E&quot;);\">\n\t\t\t<span class=\"elementor-divider-separator\">\n\t\t\t\t\t\t<\/span>\n\t\t<\/div>\n\t\t\t\t\t\t<\/div>\n\t\t\t\t<\/div>\n\t\t\t\t\t<\/div>\n\t\t<\/div>\n\t\t\t\t\t<\/div>\n\t\t<\/section>\n\t\t\t\t<section class=\"elementor-section elementor-top-section elementor-element elementor-element-f679e2e elementor-section-boxed elementor-section-height-default elementor-section-height-default\" data-id=\"f679e2e\" data-element_type=\"section\" data-e-type=\"section\">\n\t\t\t\t\t\t<div class=\"elementor-container elementor-column-gap-default\">\n\t\t\t\t\t<div class=\"elementor-column elementor-col-100 elementor-top-column elementor-element elementor-element-0034b95\" data-id=\"0034b95\" data-element_type=\"column\" data-e-type=\"column\">\n\t\t\t<div class=\"elementor-widget-wrap elementor-element-populated\">\n\t\t\t\t\t\t<div class=\"elementor-element elementor-element-3468b1c elementor-widget elementor-widget-text-editor\" data-id=\"3468b1c\" data-element_type=\"widget\" data-e-type=\"widget\" data-widget_type=\"text-editor.default\">\n\t\t\t\t<div class=\"elementor-widget-container\">\n\t\t\t\t\t\t\t\t\t<p><b>V\u00e1\u017een\u00ed hostia!<\/b><\/p><p>Urob\u00edme v\u0161etko pre to, aby va\u0161a dovolenka prebehla pr\u00edjemne a bez probl\u00e9mov. Preto v\u00e1s \u017eiadame, aby ste vzali na vedomie a dodr\u017eiavali nasleduj\u00face pokyny.<\/p><ol><li>Dom je k dispoz\u00edcii od 14.00 h v de\u0148 pr\u00edchodu.<\/li><li>V dome sa m\u00f4\u017ee zdr\u017eiava\u0165 len po\u010det os\u00f4b dohodnut\u00fd v objedn\u00e1vke.<\/li><li>Dom opustite v de\u0148 odchodu do 10.00 h.<\/li><li>Poplatok za ubytovanie sa plat\u00ed po pr\u00edchode a po dohodnut\u00ed podrobnost\u00ed.<\/li><li>Je zak\u00e1zan\u00e9 vyn\u00e1\u0161a\u0165 ak\u00e9ko\u013evek zariadenie z domu. Pri odchode sa dom skontroluje a pr\u00edpadn\u00e9 \u0161kody n\u00e1jomca uhrad\u00ed na mieste.<\/li><li>Majite\u013e alebo poskytovate\u013e ubytovania nenesie zodpovednos\u0165 za pr\u00edpadn\u00e9 nehody na pozemku a nem\u00f4\u017ee po\u017eadova\u0165 \u017eiadne od\u0161kodnenie.<\/li><li>Prenaj\u00edmate\u013e si vyhradzuje pr\u00e1vo okam\u017eite vyk\u00e1za\u0165 z objektu n\u00e1jomcu, ktor\u00fd nere\u0161pektuje domov\u00fd poriadok.<\/li><li>Dom\u00e1ce zvierat\u00e1 nie s\u00fa povolen\u00e9 v objekte bez s\u00fahlasu majite\u013ea.<\/li><li>Ak sa po\u010das pobytu vyskytn\u00fa ak\u00e9ko\u013evek probl\u00e9my s domom, okam\u017eite ich nahl\u00e1ste. Nesk\u00f4r nem\u00f4\u017eeme prija\u0165 \u017eiadne reklam\u00e1cie.<\/li><li>Pros\u00edme host\u00ed, aby sa pred odchodom z izby uistili, \u017ee s\u00fa v\u0161etky vodovodn\u00e9 koh\u00fatiky, svetl\u00e1 a klimatiz\u00e1cia vypnut\u00e9.<\/li><li>Majite\u013e nenesie \u017eiadnu zodpovednos\u0165 za cennosti umiestnen\u00e9 v dome.<\/li><li>Faj\u010denie je povolen\u00e9 len pred apartm\u00e1nom a na terase v s\u00falade s protipo\u017eiarnymi predpismi.<\/li><li>Majite\u013e nezodpoved\u00e1 za \u017eiadne nehody ani \u0161kody sp\u00f4soben\u00e9 po\u010das pou\u017e\u00edvania apartm\u00e1nu, za to je zodpovedn\u00fd v\u00fdlu\u010dne hos\u0165, neexistuje \u017eiadny pr\u00e1vny prostriedok n\u00e1pravy.<\/li><li>Poskytnut\u00edm svojich \u00fadajov a zaplaten\u00edm poplatku za ubytovanie s\u00fahlas\u00edte s t\u00fdmito pravidlami a pova\u017eujete sa za ich dodr\u017eiavate\u013ea. Neexistuje pr\u00e1vo na odvolanie.<\/li><\/ol><p>\u00a0<b>D\u00fafam, \u017ee va\u0161e vo\u013eno bude tak\u00e9 pr\u00edjemn\u00e9 a neru\u0161en\u00e9, ako o\u010dak\u00e1vate.<\/b><\/p>\t\t\t\t\t\t\t\t<\/div>\n\t\t\t\t<\/div>\n\t\t\t\t\t<\/div>\n\t\t<\/div>\n\t\t\t\t\t<\/div>\n\t\t<\/section>\n\t\t\t\t<\/div>","protected":false},"excerpt":{"rendered":"<p>Domov\u00fd poriadok V\u00e1\u017een\u00ed hostia! Urob\u00edme v\u0161etko pre to, aby bol v\u00e1\u0161 pobyt pr\u00edjemn\u00fd a bezprobl\u00e9mov\u00fd. Preto v\u00e1s pros\u00edme, aby ste vzali na vedomie a dodr\u017eiavali nasleduj\u00face pravidl\u00e1. Dom je k dispoz\u00edcii od 14.00 h v de\u0148 pr\u00edchodu. V dome sa m\u00f4\u017ee zdr\u017eiava\u0165 len po\u010det os\u00f4b dohodnut\u00fd v objedn\u00e1vke. V de\u0148 odchodu opustite dom do 10.00 h. Poplatok za ubytovanie je potrebn\u00e9 uhradi\u0165 pri pr\u00edchode do ... <a title=\"Dom\u00e1ci poriadok\" class=\"read-more\" href=\"https:\/\/amiraapartman.hu\/sk\/hazirend\/\" aria-label=\"Pre\u010d\u00edtajte si viac o politik\u00e1ch\">\u010c\u00edta\u0165 viac<\/a><\/p>","protected":false},"author":1,"featured_media":0,"parent":0,"menu_order":0,"comment_status":"closed","ping_status":"closed","template":"elementor_header_footer","meta":{"footnotes":""},"class_list":["post-966","page","type-page","status-publish"],"_links":{"self":[{"href":"https:\/\/amiraapartman.hu\/sk\/wp-json\/wp\/v2\/pages\/966","targetHints":{"allow":["GET"]}}],"collection":[{"href":"https:\/\/amiraapartman.hu\/sk\/wp-json\/wp\/v2\/pages"}],"about":[{"href":"https:\/\/amiraapartman.hu\/sk\/wp-json\/wp\/v2\/types\/page"}],"author":[{"embeddable":true,"href":"https:\/\/amiraapartman.hu\/sk\/wp-json\/wp\/v2\/users\/1"}],"replies":[{"embeddable":true,"href":"https:\/\/amiraapartman.hu\/sk\/wp-json\/wp\/v2\/comments?post=966"}],"version-history":[{"count":13,"href":"https:\/\/amiraapartman.hu\/sk\/wp-json\/wp\/v2\/pages\/966\/revisions"}],"predecessor-version":[{"id":979,"href":"https:\/\/amiraapartman.hu\/sk\/wp-json\/wp\/v2\/pages\/966\/revisions\/979"}],"wp:attachment":[{"href":"https:\/\/amiraapartman.hu\/sk\/wp-json\/wp\/v2\/media?parent=966"}],"curies":[{"name":"wp","href":"https:\/\/api.w.org\/{rel}","templated":true}]}}