{"id":998,"date":"2022-06-19T15:51:36","date_gmt":"2022-06-19T13:51:36","guid":{"rendered":"https:\/\/amiraapartman.hu\/?page_id=998"},"modified":"2022-06-19T16:13:52","modified_gmt":"2022-06-19T14:13:52","slug":"adatkezelesi-tajekoztato","status":"publish","type":"page","link":"https:\/\/amiraapartman.hu\/pl\/adatkezelesi-tajekoztato\/","title":{"rendered":"Informacja o ochronie prywatno\u015bci"},"content":{"rendered":"<div data-elementor-type=\"wp-page\" data-elementor-id=\"998\" class=\"elementor elementor-998\" data-elementor-post-type=\"page\">\n\t\t\t\t\t\t<section class=\"elementor-section elementor-top-section elementor-element elementor-element-ca9e0fd elementor-section-boxed elementor-section-height-default elementor-section-height-default\" data-id=\"ca9e0fd\" data-element_type=\"section\" data-e-type=\"section\">\n\t\t\t\t\t\t<div class=\"elementor-container elementor-column-gap-default\">\n\t\t\t\t\t<div class=\"elementor-column elementor-col-100 elementor-top-column elementor-element elementor-element-877ea98\" data-id=\"877ea98\" data-element_type=\"column\" data-e-type=\"column\">\n\t\t\t<div class=\"elementor-widget-wrap elementor-element-populated\">\n\t\t\t\t\t\t<div class=\"elementor-element elementor-element-bc4fcd8 elementor-widget elementor-widget-heading\" data-id=\"bc4fcd8\" data-element_type=\"widget\" data-e-type=\"widget\" data-widget_type=\"heading.default\">\n\t\t\t\t<div class=\"elementor-widget-container\">\n\t\t\t\t\t<h2 class=\"elementor-heading-title elementor-size-default\">Informacja o ochronie prywatno\u015bci<\/h2>\t\t\t\t<\/div>\n\t\t\t\t<\/div>\n\t\t\t\t<div class=\"elementor-element elementor-element-eab4e15 elementor-widget-divider--separator-type-pattern elementor-widget-divider--view-line elementor-widget elementor-widget-divider\" data-id=\"eab4e15\" data-element_type=\"widget\" data-e-type=\"widget\" data-widget_type=\"divider.default\">\n\t\t\t\t<div class=\"elementor-widget-container\">\n\t\t\t\t\t\t\t<div class=\"elementor-divider\" style=\"--divider-pattern-url: url(&quot;data:image\/svg+xml,%3Csvg xmlns=&#039;http:\/\/www.w3.org\/2000\/svg&#039; preserveAspectRatio=&#039;none&#039; overflow=&#039;visible&#039; height=&#039;100%&#039; viewBox=&#039;0 0 24 24&#039; fill=&#039;none&#039; stroke=&#039;black&#039; stroke-width=&#039;2&#039; stroke-linecap=&#039;square&#039; stroke-miterlimit=&#039;10&#039;%3E%3Cpolyline points=&#039;0,18 12,6 24,18 &#039;\/%3E%3C\/svg%3E&quot;);\">\n\t\t\t<span class=\"elementor-divider-separator\">\n\t\t\t\t\t\t<\/span>\n\t\t<\/div>\n\t\t\t\t\t\t<\/div>\n\t\t\t\t<\/div>\n\t\t\t\t\t<\/div>\n\t\t<\/div>\n\t\t\t\t\t<\/div>\n\t\t<\/section>\n\t\t\t\t<section class=\"elementor-section elementor-top-section elementor-element elementor-element-f679e2e elementor-section-boxed elementor-section-height-default elementor-section-height-default\" data-id=\"f679e2e\" data-element_type=\"section\" data-e-type=\"section\">\n\t\t\t\t\t\t<div class=\"elementor-container elementor-column-gap-default\">\n\t\t\t\t\t<div class=\"elementor-column elementor-col-100 elementor-top-column elementor-element elementor-element-0034b95\" data-id=\"0034b95\" data-element_type=\"column\" data-e-type=\"column\">\n\t\t\t<div class=\"elementor-widget-wrap elementor-element-populated\">\n\t\t\t\t\t\t<div class=\"elementor-element elementor-element-3468b1c elementor-widget elementor-widget-text-editor\" data-id=\"3468b1c\" data-element_type=\"widget\" data-e-type=\"widget\" data-widget_type=\"text-editor.default\">\n\t\t\t\t<div class=\"elementor-widget-container\">\n\t\t\t\t\t\t\t\t\t<section data-id=\"ae5007b\" data-element_type=\"section\"><div><div data-id=\"fb13eb3\" data-element_type=\"column\"><div><div data-id=\"6b1919f\" data-element_type=\"widget\" data-widget_type=\"text-editor.default\"><div><section data-id=\"5e41921\" data-element_type=\"section\" data-settings=\"{\"><div><div><div data-id=\"cf8cf65\" data-element_type=\"column\"><div><div><div data-id=\"170bcf0\" data-element_type=\"widget\" data-widget_type=\"text-editor.default\"><div><div><section><div><div><div><div><div><div><div><div><div><div><div><div><div><div><div><div><p>Celem niniejszej Polityki Prywatno\u015bci jest okre\u015blenie zasad ochrony danych i zarz\u0105dzania danymi oraz polityki ochrony danych i zarz\u0105dzania danymi operatora strony amiraapartman.hu (zwanej dalej stron\u0105 internetow\u0105), Annam\u00e1ria Hatal\u00e1n\u00e9 Antal (zwanego dalej Us\u0142ugodawc\u0105), kt\u00f3re Us\u0142ugodawca uznaje za wi\u0105\u017c\u0105ce dla siebie, poniewa\u017c Us\u0142ugodawca d\u0105\u017cy do zapewnienia ochrony danych osobowych u\u017cytkownik\u00f3w zarejestrowanych na stronie internetowej w jak najszerszym zakresie.<\/p><p>Korzystaj\u0105c ze strony internetowej, z kt\u00f3rejkolwiek z jej us\u0142ug lub aplikacji, U\u017cytkownik wyra\u017ca zgod\u0119 na przetwarzanie swoich danych osobowych zgodnie z postanowieniami niniejszej Polityki Prywatno\u015bci.<\/p><ol><li>DANE ADMINISTRATORA DANYCH<\/li><\/ol><p>Imi\u0119 i nazwisko: Pani Antal Annam\u00e1ria Hatal\u00e1n\u00e9<\/p><p>Numer podatkowy: 79094748-1-30<\/p><p>Telefon +36 (30) 965 5363.<\/p><p>E-mail: antal.ami2002@gmail.com<\/p><ol start=\"2\"><li>DEFINICJE TERMIN\u00d3W<\/li><\/ol><p>Terminy u\u017cyte w niniejszym og\u0142oszeniu nale\u017cy interpretowa\u0107 zgodnie z definicjami zawartymi w przepisach interpretacyjnych Ustawy CXII z 2011 roku o prawie do informacyjnego samostanowienia i wolno\u015bci informacji (zwanej dalej Ustaw\u0105 o informacji) w nast\u0119puj\u0105cy spos\u00f3b.<\/p><p>Dane osobowe: dane, kt\u00f3re mo\u017cna powi\u0105za\u0107 z osob\u0105, kt\u00f3rej dane dotycz\u0105, w szczeg\u00f3lno\u015bci imi\u0119 i nazwisko, znak identyfikacyjny oraz jeden lub wi\u0119cej czynnik\u00f3w charakterystycznych dla jej to\u017csamo\u015bci fizycznej, fizjologicznej, umys\u0142owej, ekonomicznej, kulturowej lub spo\u0142ecznej, a tak\u017ce wnioski, kt\u00f3re mo\u017cna wyci\u0105gn\u0105\u0107 z danych dotycz\u0105cych osoby, kt\u00f3rej dane dotycz\u0105;<\/p><p>Osoba, kt\u00f3rej dane dotycz\u0105: ka\u017cda osoba fizyczna (w przypadku niniejszego og\u0142oszenia - U\u017cytkownik), kt\u00f3ra zosta\u0142a zidentyfikowana lub mo\u017ce zosta\u0107 zidentyfikowana, bezpo\u015brednio lub po\u015brednio, na podstawie danych osobowych;<\/p><p>Zgoda: dobrowolne i wyra\u017ane wyra\u017cenie woli przez osob\u0119, kt\u00f3rej dane dotycz\u0105, oparte na odpowiednich informacjach, poprzez kt\u00f3re osoba ta wyra\u017ca jednoznaczn\u0105 zgod\u0119 na przetwarzanie dotycz\u0105cych jej danych osobowych w ca\u0142o\u015bci lub w odniesieniu do konkretnych operacji;<\/p><p>Przetwarzanie danych: ka\u017cda operacja lub zestaw operacji wykonywanych na danych, niezale\u017cnie od zastosowanej procedury, w szczeg\u00f3lno\u015bci zbieranie, zapisywanie, rejestrowanie, organizowanie, przechowywanie, zmienianie, wykorzystywanie, odzyskiwanie, ujawnianie, przekazywanie, dopasowywanie lub \u0142\u0105czenie, blokowanie, usuwanie lub niszczenie danych, zapobieganie ich dalszemu wykorzystaniu, robienie zdj\u0119\u0107, nagra\u0144 d\u017awi\u0119kowych lub obraz\u00f3w i cech fizycznych, kt\u00f3re mog\u0105 by\u0107 wykorzystane do identyfikacji osoby (np. odciski palc\u00f3w, odciski d\u0142oni, pr\u00f3bki DNA, skany t\u0119cz\u00f3wki);<\/p><p>Administrator danych: osoba fizyczna, prawna lub jednostka organizacyjna nieposiadaj\u0105ca osobowo\u015bci prawnej, kt\u00f3ra samodzielnie lub wsp\u00f3lnie z innymi okre\u015bla cele, dla kt\u00f3rych dane s\u0105 przetwarzane, podejmuje i wdra\u017ca decyzje dotycz\u0105ce przetwarzania (w tym stosowanych \u015brodk\u00f3w) lub wdra\u017ca je za po\u015brednictwem podmiotu przetwarzaj\u0105cego (w przypadku niniejszego og\u0142oszenia - Us\u0142ugodawcy);<\/p><p>Transfer: udost\u0119pnienie danych okre\u015blonej stronie trzeciej;<\/p><p>Ujawnienie: udost\u0119pnienie danych ka\u017cdemu;<\/p><p>Usuwanie danych: uniemo\u017cliwienie rozpoznania danych w taki spos\u00f3b, \u017ce nie mo\u017cna ich ju\u017c odzyska\u0107;<\/p><p>Oznaczanie danych: oznaczanie danych znakiem identyfikacyjnym w celu ich odr\u00f3\u017cnienia;<\/p><p>Blokowanie danych: oznaczenie danych identyfikatorem w celu ograniczenia ich dalszego przetwarzania na sta\u0142e lub na okre\u015blony czas;<\/p><p>Przetwarzanie danych: wykonywanie zada\u0144 technicznych zwi\u0105zanych z operacjami przetwarzania danych, niezale\u017cnie od metody i \u015brodk\u00f3w u\u017cytych do wykonania tych operacji oraz miejsca ich zastosowania, pod warunkiem, \u017ce zadanie techniczne jest wykonywane na danych;<\/p><p>Przetwarzaj\u0105cy dane: osoba fizyczna, prawna lub jednostka organizacyjna nie posiadaj\u0105ca osobowo\u015bci prawnej, kt\u00f3ra przetwarza dane na podstawie umowy z administratorem, w tym umowy zawartej na podstawie przepisu prawa;<\/p><ol start=\"3\"><li>ZASADA ZARZ\u0104DZANIA DANYMI<\/li><\/ol><p>Us\u0142ugodawca b\u0119dzie przetwarza\u0142 zarejestrowane dane osobowe zgodnie z obowi\u0105zuj\u0105cymi w danym czasie przepisami o ochronie danych osobowych, w szczeg\u00f3lno\u015bci z ustaw\u0105 o informacjach, oraz zgodnie z niniejsz\u0105 informacj\u0105.<\/p><ol start=\"4\"><li>PODSTAWA PRAWNA PRZETWARZANIA DANYCH<\/li><\/ol><p>Gromadzenie i przetwarzanie danych osobowych w zwi\u0105zku z prowadzeniem strony internetowej i \u015bwiadczeniem us\u0142ug odbywa si\u0119 na podstawie dobrowolnej zgody osoby, kt\u00f3rej dane dotycz\u0105.<\/p><p>U\u017cytkownik wyra\u017ca zgod\u0119 poprzez korzystanie z serwisu internetowego (rejestracja).<\/p><p>Us\u0142ugodawca jest uprawniony do wysy\u0142ania U\u017cytkownikowi newslettera lub innych przesy\u0142ek reklamowych, o ile U\u017cytkownik wyrazi\u0142 na to uprzedni\u0105, jasn\u0105, wyra\u017an\u0105 i dobrowoln\u0105 zgod\u0119, podaj\u0105c odpowiednie dane podczas rejestracji. Us\u0142ugodawca nie jest zobowi\u0105zany do sprawdzania, czy dane podane przez U\u017cytkownika podczas rejestracji lub w inny spos\u00f3b przy udzielaniu zgody s\u0105 prawdziwe i poprawne.<\/p><p>U\u017cytkownik mo\u017ce w ka\u017cdej chwili wycofa\u0107 swoj\u0105 dobrowoln\u0105 zgod\u0119, o kt\u00f3rej mowa w poprzednim punkcie. W takim przypadku Us\u0142ugodawca nie b\u0119dzie wysy\u0142a\u0142 U\u017cytkownikowi \u017cadnych newsletter\u00f3w ani innych przesy\u0142ek reklamowych po odst\u0105pieniu od umowy oraz usunie dane U\u017cytkownika z danych u\u017cytkownik\u00f3w zapisanych na newsletter.<\/p><p>O ile przepisy prawa nie stanowi\u0105 inaczej, Us\u0142ugodawca mo\u017ce przetwarza\u0107 zebrane dane osobowe w celu wype\u0142nienia obowi\u0105zku prawnego (w szczeg\u00f3lno\u015bci obowi\u0105zku ksi\u0119gowego, obowi\u0105zku umownego z U\u017cytkownikiem) lub w celu realizacji w\u0142asnego lub osoby trzeciej uzasadnionego interesu, je\u017celi realizacja tego interesu jest proporcjonalna do ograniczenia prawa do ochrony danych osobowych, bez konieczno\u015bci uzyskania dalszej szczeg\u00f3\u0142owej zgody i nawet po wycofaniu zgody U\u017cytkownika.<\/p><ol start=\"5\"><li>ZAKRES PRZETWARZANYCH DANYCH<\/li><\/ol><p>Us\u0142ugodawca b\u0119dzie przetwarza\u0142 nast\u0119puj\u0105ce dane osobowe U\u017cytkownika w trakcie i po wykonaniu us\u0142ugi \u015bwiadczonej przez Us\u0142ugodawc\u0119, na podstawie dobrowolnej zgody U\u017cytkownika: nazwisko, imi\u0119, adres e-mail.<\/p><p>U\u017cytkownik ponosi wy\u0142\u0105czn\u0105 odpowiedzialno\u015b\u0107 za prawdziwo\u015b\u0107 i dok\u0142adno\u015b\u0107 danych osobowych.<\/p><ol start=\"6\"><li>CEL PRZETWARZANIA DANYCH<\/li><\/ol><p>Celem przetwarzania danych osobowych U\u017cytkownika jest wysy\u0142anie newslettera i przesy\u0142ek reklamowych, o kt\u00f3rych mowa w punkcie IV oraz wype\u0142nienie innych obowi\u0105zk\u00f3w prawnych Us\u0142ugodawcy. Us\u0142ugodawca nie ujawni danych osobowych U\u017cytkownika nieuprawnionym osobom trzecim.<\/p><ol start=\"7\"><li>CZAS TRWANIA PRZETWARZANIA DANYCH, ZMIANA, USUNI\u0118CIE, SPRZECIW WOBEC PRZETWARZANIA DANYCH<\/li><\/ol><p>Us\u0142ugodawca b\u0119dzie przetwarza\u0142 dane osobowe przetwarzane w zwi\u0105zku z korzystaniem z us\u0142ug do czasu realizacji celu przetwarzania danych.<\/p><p>Dane osobowe podane podczas rejestracji mog\u0105 zosta\u0107 zmienione przez U\u017cytkownika w dowolnym momencie po uzyskaniu dost\u0119pu do strony.<\/p><p>U\u017cytkownik mo\u017ce za\u017c\u0105da\u0107 usuni\u0119cia swoich danych osobowych, wysy\u0142aj\u0105c e-mail na adres antal.ami2002@gmail.com. Us\u0142ugodawca usunie r\u00f3wnie\u017c dane osobowe U\u017cytkownika bez \u017c\u0105dania osoby, kt\u00f3rej dane dotycz\u0105, je\u017celi przetwarzanie jest niezgodne z prawem, je\u017celi usta\u0142 cel przetwarzania, lub je\u017celi up\u0142yn\u0105\u0142 ustawowy okres przechowywania danych, lub je\u017celi nakaza\u0142 to s\u0105d lub Krajowy Urz\u0105d Ochrony Danych Osobowych i Wolno\u015bci Informacji, lub je\u017celi przetwarzanie jest niekompletne lub nieprawid\u0142owe - a sytuacja ta nie mo\u017ce zosta\u0107 naprawiona zgodnie z prawem - pod warunkiem, \u017ce usuni\u0119cie nie jest wy\u0142\u0105czone przez prawo.<\/p><p>Zamiast usun\u0105\u0107 dane osobowe, Us\u0142ugodawca zablokuje je na \u017c\u0105danie U\u017cytkownika lub je\u015bli na podstawie dost\u0119pnych mu informacji mo\u017cna za\u0142o\u017cy\u0107, \u017ce usuni\u0119cie danych naruszy\u0142oby uzasadnione interesy U\u017cytkownika. Zablokowane dane osobowe b\u0119d\u0105 przetwarzane przez Us\u0142ugodawc\u0119 tylko tak d\u0142ugo, jak d\u0142ugo b\u0119dzie istnia\u0142 cel przetwarzania danych, kt\u00f3ry uniemo\u017cliwia usuni\u0119cie danych osobowych. Po wycofaniu zgody przez U\u017cytkownika, Us\u0142ugodawca mo\u017ce nadal przetwarza\u0107 dane osobowe dotycz\u0105ce osoby, kt\u00f3rej dane dotycz\u0105, w celu wype\u0142nienia obowi\u0105zk\u00f3w prawnych (w szczeg\u00f3lno\u015bci obowi\u0105zk\u00f3w ksi\u0119gowych).<\/p><p>U\u017cytkownik mo\u017ce wnie\u015b\u0107 sprzeciw wobec przetwarzania jego danych osobowych, wysy\u0142aj\u0105c e-mail na adres antal.ami2002@gmail.com,<\/p><p>- je\u017celi przetwarzanie lub przekazywanie danych osobowych jest niezb\u0119dne wy\u0142\u0105cznie do wykonania obowi\u0105zku prawnego, kt\u00f3remu podlega Us\u0142ugodawca, lub do cel\u00f3w wynikaj\u0105cych z prawnie uzasadnionych interes\u00f3w realizowanych przez administratora, odbiorc\u0119 lub stron\u0119 trzeci\u0105, z wyj\u0105tkiem przypadku tzw. przetwarzania obowi\u0105zkowego;<\/p><p>- je\u015bli dane osobowe s\u0105 wykorzystywane lub ujawniane do cel\u00f3w marketingu bezpo\u015bredniego, badania opinii publicznej lub bada\u0144 naukowych; oraz<\/p><p>- w ka\u017cdym innym przypadku okre\u015blonym przez prawo.<\/p><p>Administrator rozpatruje sprzeciw w mo\u017cliwie najkr\u00f3tszym czasie od daty z\u0142o\u017cenia wniosku, ale nie p\u00f3\u017aniej ni\u017c w ci\u0105gu 15 dni, decyduje, czy sprzeciw jest uzasadniony i informuje wnioskodawc\u0119 na pi\u015bmie o swojej decyzji.<\/p><p>Je\u015bli administrator ustali, \u017ce sprzeciw osoby, kt\u00f3rej dane dotycz\u0105, jest uzasadniony, zaprzestanie przetwarzania, w tym dalszego gromadzenia i dalszego przekazywania danych, oraz zablokuje dane, a tak\u017ce powiadomi o sprzeciwie i dzia\u0142aniach podj\u0119tych na podstawie sprzeciwu wszystkie podmioty, kt\u00f3rym osoba, kt\u00f3rej dane dotycz\u0105, uprzednio ujawni\u0142a sprzeciw i kt\u00f3re s\u0105 zobowi\u0105zane do podj\u0119cia \u015brodk\u00f3w w celu wykonania prawa do sprzeciwu.<\/p><p>Je\u015bli podmiot danych nie zgadza si\u0119 z decyzj\u0105 administratora lub je\u015bli administrator nie dotrzyma 15-dniowego terminu, mo\u017ce on w ci\u0105gu 30 dni od powiadomienia o decyzji lub ostatniego dnia terminu odwo\u0142a\u0107 si\u0119 do s\u0105du. S\u0105d dzia\u0142a poza kolejno\u015bci\u0105.<\/p><p>Je\u015bli osoba, kt\u00f3rej dane dotycz\u0105, nie otrzyma danych niezb\u0119dnych do wykonania jej praw, poniewa\u017c zg\u0142osi\u0142a sprzeciw, mo\u017ce w ci\u0105gu 15 dni od powiadomienia podj\u0105\u0107 kroki prawne przeciwko administratorowi w celu uzyskania dost\u0119pu do danych. Administrator danych mo\u017ce r\u00f3wnie\u017c pozwa\u0107 osob\u0119, kt\u00f3rej dane dotycz\u0105, do s\u0105du.<\/p><p>Je\u015bli administrator nie powiadomi, odbiorca mo\u017ce za\u017c\u0105da\u0107 od administratora wyja\u015bnienia okoliczno\u015bci nieujawnienia danych, kt\u00f3re administrator przedstawi w ci\u0105gu 8 dni od otrzymania pro\u015bby odbiorcy o takie wyja\u015bnienie. W przypadku \u017c\u0105dania wyja\u015bnie\u0144 osoba, kt\u00f3rej dane dotycz\u0105, mo\u017ce wnie\u015b\u0107 przeciwko administratorowi skarg\u0119 do s\u0105du w terminie 15 dni od dnia udzielenia wyja\u015bnie\u0144, ale nie p\u00f3\u017aniej ni\u017c w terminie udzielenia wyja\u015bnie\u0144. Administrator danych mo\u017ce r\u00f3wnie\u017c wszcz\u0105\u0107 post\u0119powanie s\u0105dowe przeciwko osobie, kt\u00f3rej dane dotycz\u0105.<\/p><p>Administrator nie mo\u017ce usun\u0105\u0107 danych osoby, kt\u00f3rej dane dotycz\u0105, je\u015bli ich przetwarzanie jest wymagane przez prawo. Dane nie mog\u0105 by\u0107 jednak przekazane odbiorcy danych, je\u015bli administrator danych wyrazi\u0142 zgod\u0119 na sprzeciw lub je\u015bli s\u0105d orzek\u0142, \u017ce sprzeciw jest uzasadniony.<\/p><ol start=\"8\"><li>PRO\u015aBA O INFORMACJE<\/li><\/ol><p>U\u017cytkownik ma prawo w ka\u017cdej chwili za\u017c\u0105da\u0107 informacji na temat dotycz\u0105cych go danych osobowych przetwarzanych przez Us\u0142ugodawc\u0119 w zwi\u0105zku z us\u0142ugami na stronie internetowej, wysy\u0142aj\u0105c e-mail na adres antal.ami2002@gmail.com lub dzwoni\u0105c pod numer +36 (30) 965 5363. Na \u017c\u0105danie U\u017cytkownika Us\u0142ugodawca udziela informacji o danych dotycz\u0105cych U\u017cytkownika przetwarzanych przez Us\u0142ugodawc\u0119 w zwi\u0105zku z dan\u0105 us\u0142ug\u0105, ich \u017ar\u00f3dle, celu, podstawie prawnej i czasie przetwarzania danych, nazwie i adresie podmiotu przetwarzaj\u0105cego dane, podstawie prawnej i odbiorcy przekazu danych oraz czynno\u015bciach przetwarzania danych. Na wniosek osoby, kt\u00f3rej dane dotycz\u0105, Us\u0142ugodawca udzieli informacji na pi\u015bmie w zrozumia\u0142ej formie w mo\u017cliwie najkr\u00f3tszym czasie od daty z\u0142o\u017cenia wniosku, ale nie p\u00f3\u017aniej ni\u017c w ci\u0105gu 30 dni od daty z\u0142o\u017cenia wniosku. Informacje b\u0119d\u0105 udzielane bezp\u0142atnie. Us\u0142ugodawca b\u0119dzie traktowa\u0142 \u017c\u0105danie otrzymane z adresu e-mail podanego wcze\u015bniej Us\u0142ugodawcy jako \u017c\u0105danie otrzymane od U\u017cytkownika. W przypadku zapyta\u0144 z innych adres\u00f3w e-mail oraz zapyta\u0144 w formie pisemnej, U\u017cytkownik mo\u017ce z\u0142o\u017cy\u0107 zapytanie tylko wtedy, gdy udowodni, \u017ce jest U\u017cytkownikiem.<\/p><ol start=\"9\"><li>MO\u017bLIWO\u015aCI EGZEKWOWANIA PRZEPIS\u00d3W<\/li><\/ol><p>U\u017cytkownik mo\u017ce dochodzi\u0107 swoich praw wynikaj\u0105cych z ustawy o informacji oraz ustawy IV z 1959 roku (kodeks cywilny) przed s\u0105dami, a tak\u017ce mo\u017ce zwr\u00f3ci\u0107 si\u0119 o pomoc do Krajowego Urz\u0119du Ochrony Danych i Wolno\u015bci Informacji we wszelkich sprawach zwi\u0105zanych z danymi osobowymi (1125 Budapest Szil\u00e1gyi Erzs\u00e9bet fasor 22\/C, adres pocztowy: 1530 Budapest, Pf. 5., ugyfelszolgalat@naih.hu, (+36) 1 391 1400, www.naih.hu).<\/p><\/div><\/div><\/div><\/div><\/div><\/div><\/div><\/div><\/div><\/div><\/div><\/div><\/div><\/div><\/div><\/div><\/section><\/div><\/div><\/div><\/div><\/div><\/div><\/div><\/div><\/section><\/div><\/div><\/div><\/div><\/div><\/section>\t\t\t\t\t\t\t\t<\/div>\n\t\t\t\t<\/div>\n\t\t\t\t\t<\/div>\n\t\t<\/div>\n\t\t\t\t\t<\/div>\n\t\t<\/section>\n\t\t\t\t<\/div>","protected":false},"excerpt":{"rendered":"<p>Polityka prywatno\u015bci Celem niniejszej Polityki prywatno\u015bci jest okre\u015blenie zasad prywatno\u015bci i ochrony danych oraz polityki prywatno\u015bci i ochrony danych operatora strony amiraapartman.hu (zwanej dalej stron\u0105 internetow\u0105), Annam\u00e1ria Hatal\u00e1n\u00e9 Antal (zwanego dalej Us\u0142ugodawc\u0105), kt\u00f3re Us\u0142ugodawca uznaje za wi\u0105\u017c\u0105ce dla siebie, poniewa\u017c Us\u0142ugodawca d\u0105\u017cy do zapewnienia jak najwy\u017cszego poziomu ochrony prywatno\u015bci u\u017cytkownik\u00f3w zarejestrowanych na stronie internetowej. <a title=\"Informacja o ochronie prywatno\u015bci\" class=\"read-more\" href=\"https:\/\/amiraapartman.hu\/pl\/adatkezelesi-tajekoztato\/\" aria-label=\"Przeczytaj wi\u0119cej o Polityce prywatno\u015bci\">Dowiedz si\u0119 wi\u0119cej<\/a><\/p>","protected":false},"author":1,"featured_media":0,"parent":0,"menu_order":0,"comment_status":"closed","ping_status":"closed","template":"elementor_header_footer","meta":{"footnotes":""},"class_list":["post-998","page","type-page","status-publish"],"_links":{"self":[{"href":"https:\/\/amiraapartman.hu\/pl\/wp-json\/wp\/v2\/pages\/998","targetHints":{"allow":["GET"]}}],"collection":[{"href":"https:\/\/amiraapartman.hu\/pl\/wp-json\/wp\/v2\/pages"}],"about":[{"href":"https:\/\/amiraapartman.hu\/pl\/wp-json\/wp\/v2\/types\/page"}],"author":[{"embeddable":true,"href":"https:\/\/amiraapartman.hu\/pl\/wp-json\/wp\/v2\/users\/1"}],"replies":[{"embeddable":true,"href":"https:\/\/amiraapartman.hu\/pl\/wp-json\/wp\/v2\/comments?post=998"}],"version-history":[{"count":10,"href":"https:\/\/amiraapartman.hu\/pl\/wp-json\/wp\/v2\/pages\/998\/revisions"}],"predecessor-version":[{"id":1010,"href":"https:\/\/amiraapartman.hu\/pl\/wp-json\/wp\/v2\/pages\/998\/revisions\/1010"}],"wp:attachment":[{"href":"https:\/\/amiraapartman.hu\/pl\/wp-json\/wp\/v2\/media?parent=998"}],"curies":[{"name":"wp","href":"https:\/\/api.w.org\/{rel}","templated":true}]}}