{"id":966,"date":"2022-06-19T14:57:59","date_gmt":"2022-06-19T12:57:59","guid":{"rendered":"https:\/\/amiraapartman.hu\/?page_id=966"},"modified":"2022-06-19T15:01:06","modified_gmt":"2022-06-19T13:01:06","slug":"hazirend","status":"publish","type":"page","link":"https:\/\/amiraapartman.hu\/pl\/hazirend\/","title":{"rendered":"Zasady Domu"},"content":{"rendered":"<div data-elementor-type=\"wp-page\" data-elementor-id=\"966\" class=\"elementor elementor-966\" data-elementor-post-type=\"page\">\n\t\t\t\t\t\t<section class=\"elementor-section elementor-top-section elementor-element elementor-element-ca9e0fd elementor-section-boxed elementor-section-height-default elementor-section-height-default\" data-id=\"ca9e0fd\" data-element_type=\"section\" data-e-type=\"section\">\n\t\t\t\t\t\t<div class=\"elementor-container elementor-column-gap-default\">\n\t\t\t\t\t<div class=\"elementor-column elementor-col-100 elementor-top-column elementor-element elementor-element-877ea98\" data-id=\"877ea98\" data-element_type=\"column\" data-e-type=\"column\">\n\t\t\t<div class=\"elementor-widget-wrap elementor-element-populated\">\n\t\t\t\t\t\t<div class=\"elementor-element elementor-element-bc4fcd8 elementor-widget elementor-widget-heading\" data-id=\"bc4fcd8\" data-element_type=\"widget\" data-e-type=\"widget\" data-widget_type=\"heading.default\">\n\t\t\t\t<div class=\"elementor-widget-container\">\n\t\t\t\t\t<h2 class=\"elementor-heading-title elementor-size-default\">Zasady Domu<\/h2>\t\t\t\t<\/div>\n\t\t\t\t<\/div>\n\t\t\t\t<div class=\"elementor-element elementor-element-eab4e15 elementor-widget-divider--separator-type-pattern elementor-widget-divider--view-line elementor-widget elementor-widget-divider\" data-id=\"eab4e15\" data-element_type=\"widget\" data-e-type=\"widget\" data-widget_type=\"divider.default\">\n\t\t\t\t<div class=\"elementor-widget-container\">\n\t\t\t\t\t\t\t<div class=\"elementor-divider\" style=\"--divider-pattern-url: url(&quot;data:image\/svg+xml,%3Csvg xmlns=&#039;http:\/\/www.w3.org\/2000\/svg&#039; preserveAspectRatio=&#039;none&#039; overflow=&#039;visible&#039; height=&#039;100%&#039; viewBox=&#039;0 0 24 24&#039; fill=&#039;none&#039; stroke=&#039;black&#039; stroke-width=&#039;2&#039; stroke-linecap=&#039;square&#039; stroke-miterlimit=&#039;10&#039;%3E%3Cpolyline points=&#039;0,18 12,6 24,18 &#039;\/%3E%3C\/svg%3E&quot;);\">\n\t\t\t<span class=\"elementor-divider-separator\">\n\t\t\t\t\t\t<\/span>\n\t\t<\/div>\n\t\t\t\t\t\t<\/div>\n\t\t\t\t<\/div>\n\t\t\t\t\t<\/div>\n\t\t<\/div>\n\t\t\t\t\t<\/div>\n\t\t<\/section>\n\t\t\t\t<section class=\"elementor-section elementor-top-section elementor-element elementor-element-f679e2e elementor-section-boxed elementor-section-height-default elementor-section-height-default\" data-id=\"f679e2e\" data-element_type=\"section\" data-e-type=\"section\">\n\t\t\t\t\t\t<div class=\"elementor-container elementor-column-gap-default\">\n\t\t\t\t\t<div class=\"elementor-column elementor-col-100 elementor-top-column elementor-element elementor-element-0034b95\" data-id=\"0034b95\" data-element_type=\"column\" data-e-type=\"column\">\n\t\t\t<div class=\"elementor-widget-wrap elementor-element-populated\">\n\t\t\t\t\t\t<div class=\"elementor-element elementor-element-3468b1c elementor-widget elementor-widget-text-editor\" data-id=\"3468b1c\" data-element_type=\"widget\" data-e-type=\"widget\" data-widget_type=\"text-editor.default\">\n\t\t\t\t<div class=\"elementor-widget-container\">\n\t\t\t\t\t\t\t\t\t<p><b>Drodzy Go\u015bcie!<\/b><\/p><p>Zrobimy wszystko, co w naszej mocy, by twoje wakacje by\u0142y przyjemne i bezproblemowe. Dlatego prosimy ci\u0119, by\u015b zwr\u00f3ci\u0142 uwag\u0119 na poni\u017csze punkty i zastosowa\u0142 si\u0119 do nich.<\/p><ol><li>Domek jest dost\u0119pny od 14.00 w dniu przyjazdu.<\/li><li>W domu mo\u017ce przebywa\u0107 tylko taka liczba os\u00f3b, jaka zosta\u0142a uzgodniona w zam\u00f3wieniu.<\/li><li>Prosimy o opuszczenie domu do godziny 10.00 w dniu wyjazdu.<\/li><li>Op\u0142at\u0119 za zakwaterowanie uiszcza si\u0119 po przyje\u017adzie, po uzgodnieniu szczeg\u00f3\u0142\u00f3w.<\/li><li>Zabronione jest wynoszenie z domu jakiegokolwiek sprz\u0119tu. Przy wyje\u017adzie dom zostanie sprawdzony, a wszelkie wyrz\u0105dzone szkody zostan\u0105 zrekompensowane przez najemc\u0119 na miejscu.<\/li><li>W\u0142a\u015bciciel lub organizator zakwaterowania nie ponosi odpowiedzialno\u015bci za jakiekolwiek wypadki na terenie obiektu i nie mo\u017ce domaga\u0107 si\u0119 odszkodowania.<\/li><li>Wynajmuj\u0105cy zastrzega sobie prawo do natychmiastowego usuni\u0119cia z lokalu ka\u017cdego lokatora, kt\u00f3ry nie przestrzega zasad obowi\u0105zuj\u0105cych w domu.<\/li><li>Zwierz\u0119ta nie mog\u0105 przebywa\u0107 w domu bez zgody w\u0142a\u015bciciela.<\/li><li>Je\u015bli podczas pobytu napotkasz jakiekolwiek problemy z domem, zg\u0142o\u015b je natychmiast. Po tym czasie nie jeste\u015bmy w stanie przyj\u0105\u0107 \u017cadnych roszcze\u0144.<\/li><li>Go\u015bcie proszeni s\u0105 o upewnienie si\u0119, \u017ce przed opuszczeniem pokoju wszystkie krany s\u0105 zakr\u0119cone, a \u015bwiat\u0142a i klimatyzacja wy\u0142\u0105czone.<\/li><li>W\u0142a\u015bciciel nie ponosi odpowiedzialno\u015bci za przedmioty warto\u015bciowe umieszczone w domu.<\/li><li>Palenie jest dozwolone tylko przed apartamentem i na tarasie, zgodnie z przepisami przeciwpo\u017carowymi.<\/li><li>W\u0142a\u015bciciel nie ponosi odpowiedzialno\u015bci za jakiekolwiek wypadki lub szkody powsta\u0142e podczas korzystania z apartamentu, jest to wy\u0142\u0105czna odpowiedzialno\u015b\u0107 go\u015bcia, nie ma mo\u017cliwo\u015bci odwo\u0142ania si\u0119 do s\u0105du.<\/li><li>Podaj\u0105c swoje dane i uiszczaj\u0105c op\u0142at\u0119 za nocleg, go\u015b\u0107 akceptuje i zobowi\u0105zuje si\u0119 do przestrzegania tej polityki. Nie ma prawa do odwo\u0142ania.<\/li><\/ol><p>\u00a0<b>Mam nadziej\u0119, \u017ce czas wolny od pracy b\u0119dzie tak przyjemny i niezak\u0142\u00f3cony, jak tego oczekujesz.<\/b><\/p>\t\t\t\t\t\t\t\t<\/div>\n\t\t\t\t<\/div>\n\t\t\t\t\t<\/div>\n\t\t<\/div>\n\t\t\t\t\t<\/div>\n\t\t<\/section>\n\t\t\t\t<\/div>","protected":false},"excerpt":{"rendered":"<p>Zasady domu Drodzy Go\u015bcie! Do\u0142o\u017cymy wszelkich stara\u0144, aby zapewni\u0107 Ci przyjemny i bezproblemowy pobyt. Dlatego prosimy Ci\u0119 o zwr\u00f3cenie uwagi na poni\u017csze zasady i ich przestrzeganie. Domek jest dost\u0119pny od godziny 14.00 w dniu przyjazdu. W domu mo\u017ce przebywa\u0107 tylko liczba os\u00f3b uzgodniona w zam\u00f3wieniu. Prosimy o opuszczenie domu przed godzin\u0105 10.00 w dniu wyjazdu. Op\u0142at\u0119 za zakwaterowanie nale\u017cy ui\u015bci\u0107 w dniu przyjazdu... <a title=\"Zasady Domu\" class=\"read-more\" href=\"https:\/\/amiraapartman.hu\/pl\/hazirend\/\" aria-label=\"Przeczytaj wi\u0119cej o polityce mieszkaniowej\">Dowiedz si\u0119 wi\u0119cej<\/a><\/p>","protected":false},"author":1,"featured_media":0,"parent":0,"menu_order":0,"comment_status":"closed","ping_status":"closed","template":"elementor_header_footer","meta":{"footnotes":""},"class_list":["post-966","page","type-page","status-publish"],"_links":{"self":[{"href":"https:\/\/amiraapartman.hu\/pl\/wp-json\/wp\/v2\/pages\/966","targetHints":{"allow":["GET"]}}],"collection":[{"href":"https:\/\/amiraapartman.hu\/pl\/wp-json\/wp\/v2\/pages"}],"about":[{"href":"https:\/\/amiraapartman.hu\/pl\/wp-json\/wp\/v2\/types\/page"}],"author":[{"embeddable":true,"href":"https:\/\/amiraapartman.hu\/pl\/wp-json\/wp\/v2\/users\/1"}],"replies":[{"embeddable":true,"href":"https:\/\/amiraapartman.hu\/pl\/wp-json\/wp\/v2\/comments?post=966"}],"version-history":[{"count":13,"href":"https:\/\/amiraapartman.hu\/pl\/wp-json\/wp\/v2\/pages\/966\/revisions"}],"predecessor-version":[{"id":979,"href":"https:\/\/amiraapartman.hu\/pl\/wp-json\/wp\/v2\/pages\/966\/revisions\/979"}],"wp:attachment":[{"href":"https:\/\/amiraapartman.hu\/pl\/wp-json\/wp\/v2\/media?parent=966"}],"curies":[{"name":"wp","href":"https:\/\/api.w.org\/{rel}","templated":true}]}}