{"id":224,"date":"2022-04-15T13:34:05","date_gmt":"2022-04-15T13:34:05","guid":{"rendered":"https:\/\/amiraapartman.hu\/?page_id=224"},"modified":"2022-06-16T18:09:07","modified_gmt":"2022-06-16T16:09:07","slug":"kulvarosi-apartmanhazak","status":"publish","type":"page","link":"https:\/\/amiraapartman.hu\/pl\/kulvarosi-apartmanhazak\/","title":{"rendered":"Domy mieszkalne w centrum miasta"},"content":{"rendered":"<div data-elementor-type=\"wp-page\" data-elementor-id=\"224\" class=\"elementor elementor-224\" data-elementor-post-type=\"page\">\n\t\t\t\t\t\t<section class=\"elementor-section elementor-top-section elementor-element elementor-element-b42e3b8 elementor-section-boxed elementor-section-height-default elementor-section-height-default\" data-id=\"b42e3b8\" data-element_type=\"section\" data-e-type=\"section\">\n\t\t\t\t\t\t<div class=\"elementor-container elementor-column-gap-default\">\n\t\t\t\t\t<div class=\"elementor-column elementor-col-100 elementor-top-column elementor-element elementor-element-6cb98a9\" data-id=\"6cb98a9\" data-element_type=\"column\" data-e-type=\"column\">\n\t\t\t<div class=\"elementor-widget-wrap elementor-element-populated\">\n\t\t\t\t\t\t<div class=\"elementor-element elementor-element-c413924 elementor-widget elementor-widget-heading\" data-id=\"c413924\" data-element_type=\"widget\" data-e-type=\"widget\" data-widget_type=\"heading.default\">\n\t\t\t\t<div class=\"elementor-widget-container\">\n\t\t\t\t\t<h4 class=\"elementor-heading-title elementor-size-default\">Eger<\/h4>\t\t\t\t<\/div>\n\t\t\t\t<\/div>\n\t\t\t\t<div class=\"elementor-element elementor-element-b8e24a5 elementor-widget elementor-widget-heading\" data-id=\"b8e24a5\" data-element_type=\"widget\" data-e-type=\"widget\" data-widget_type=\"heading.default\">\n\t\t\t\t<div class=\"elementor-widget-container\">\n\t\t\t\t\t<h2 class=\"elementor-heading-title elementor-size-default\">Domy mieszkalne w centrum miasta<\/h2>\t\t\t\t<\/div>\n\t\t\t\t<\/div>\n\t\t\t\t<div class=\"elementor-element elementor-element-0cff8fa elementor-widget-divider--separator-type-pattern elementor-widget-divider--view-line elementor-widget elementor-widget-divider\" data-id=\"0cff8fa\" data-element_type=\"widget\" data-e-type=\"widget\" data-widget_type=\"divider.default\">\n\t\t\t\t<div class=\"elementor-widget-container\">\n\t\t\t\t\t\t\t<div class=\"elementor-divider\" style=\"--divider-pattern-url: url(&quot;data:image\/svg+xml,%3Csvg xmlns=&#039;http:\/\/www.w3.org\/2000\/svg&#039; preserveAspectRatio=&#039;none&#039; overflow=&#039;visible&#039; height=&#039;100%&#039; viewBox=&#039;0 0 24 24&#039; fill=&#039;none&#039; stroke=&#039;black&#039; stroke-width=&#039;2&#039; stroke-linecap=&#039;square&#039; stroke-miterlimit=&#039;10&#039;%3E%3Cpolyline points=&#039;0,18 12,6 24,18 &#039;\/%3E%3C\/svg%3E&quot;);\">\n\t\t\t<span class=\"elementor-divider-separator\">\n\t\t\t\t\t\t<\/span>\n\t\t<\/div>\n\t\t\t\t\t\t<\/div>\n\t\t\t\t<\/div>\n\t\t\t\t\t<\/div>\n\t\t<\/div>\n\t\t\t\t\t<\/div>\n\t\t<\/section>\n\t\t\t\t<section class=\"elementor-section elementor-top-section elementor-element elementor-element-3ab3cae elementor-section-boxed elementor-section-height-default elementor-section-height-default\" data-id=\"3ab3cae\" data-element_type=\"section\" data-e-type=\"section\">\n\t\t\t\t\t\t<div class=\"elementor-container elementor-column-gap-extended\">\n\t\t\t\t\t<div class=\"elementor-column elementor-col-50 elementor-top-column elementor-element elementor-element-8b23be2\" data-id=\"8b23be2\" data-element_type=\"column\" data-e-type=\"column\" data-settings=\"{&quot;background_background&quot;:&quot;classic&quot;}\">\n\t\t\t<div class=\"elementor-widget-wrap elementor-element-populated\">\n\t\t\t\t\t\t<div class=\"elementor-element elementor-element-f86dd89 elementor-position-top elementor-widget elementor-widget-image-box\" data-id=\"f86dd89\" data-element_type=\"widget\" data-e-type=\"widget\" data-widget_type=\"image-box.default\">\n\t\t\t\t<div class=\"elementor-widget-container\">\n\t\t\t\t\t<div class=\"elementor-image-box-wrapper\"><figure class=\"elementor-image-box-img\"><img fetchpriority=\"high\" decoding=\"async\" width=\"554\" height=\"255\" src=\"https:\/\/amiraapartman.hu\/wp-content\/uploads\/2022\/04\/amira.jpg\" class=\"elementor-animation-grow attachment-medium_large size-medium_large wp-image-247\" alt=\"\" srcset=\"https:\/\/amiraapartman.hu\/wp-content\/uploads\/2022\/04\/amira.jpg 554w, https:\/\/amiraapartman.hu\/wp-content\/uploads\/2022\/04\/amira-300x138.jpg 300w, https:\/\/amiraapartman.hu\/wp-content\/uploads\/2022\/04\/amira-18x8.jpg 18w\" sizes=\"(max-width: 554px) 100vw, 554px\" \/><\/figure><div class=\"elementor-image-box-content\"><h3 class=\"elementor-image-box-title\">Dom apartamentowy Amira<\/h3><p class=\"elementor-image-box-description\">Dwa oddzielne apartamenty z sypialni\u0105, salonem, wyposa\u017con\u0105 kuchni\u0105 i \u0142azienk\u0105 z prysznicem zapewniaj\u0105 wygodne zakwaterowanie dla 2 do 6 os\u00f3b.<\/p><\/div><\/div>\t\t\t\t<\/div>\n\t\t\t\t<\/div>\n\t\t\t\t<div class=\"elementor-element elementor-element-2384317 elementor-icon-list--layout-inline elementor-align-center elementor-list-item-link-full_width elementor-widget elementor-widget-icon-list\" data-id=\"2384317\" data-element_type=\"widget\" data-e-type=\"widget\" data-widget_type=\"icon-list.default\">\n\t\t\t\t<div class=\"elementor-widget-container\">\n\t\t\t\t\t\t\t<ul class=\"elementor-icon-list-items elementor-inline-items\">\n\t\t\t\t\t\t\t<li class=\"elementor-icon-list-item elementor-inline-item\">\n\t\t\t\t\t\t\t\t\t\t\t<span class=\"elementor-icon-list-icon\">\n\t\t\t\t\t\t\t<i aria-hidden=\"true\" class=\"fas fa-users\"><\/i>\t\t\t\t\t\t<\/span>\n\t\t\t\t\t\t\t\t\t\t<span class=\"elementor-icon-list-text\">4 + 2 osoby<\/span>\n\t\t\t\t\t\t\t\t\t<\/li>\n\t\t\t\t\t\t\t\t<li class=\"elementor-icon-list-item elementor-inline-item\">\n\t\t\t\t\t\t\t\t\t\t\t<span class=\"elementor-icon-list-icon\">\n\t\t\t\t\t\t\t<i aria-hidden=\"true\" class=\"fas fa-bed\"><\/i>\t\t\t\t\t\t<\/span>\n\t\t\t\t\t\t\t\t\t\t<span class=\"elementor-icon-list-text\">2 oddzielne mieszkania<\/span>\n\t\t\t\t\t\t\t\t\t<\/li>\n\t\t\t\t\t\t\t\t<li class=\"elementor-icon-list-item elementor-inline-item\">\n\t\t\t\t\t\t\t\t\t\t\t<span class=\"elementor-icon-list-icon\">\n\t\t\t\t\t\t\t<i aria-hidden=\"true\" class=\"fas fa-vector-square\"><\/i>\t\t\t\t\t\t<\/span>\n\t\t\t\t\t\t\t\t\t\t<span class=\"elementor-icon-list-text\">60 + 33 m2<\/span>\n\t\t\t\t\t\t\t\t\t<\/li>\n\t\t\t\t\t\t<\/ul>\n\t\t\t\t\t\t<\/div>\n\t\t\t\t<\/div>\n\t\t\t\t<div class=\"elementor-element elementor-element-26c1f18 elementor-align-center elementor-widget elementor-widget-button\" data-id=\"26c1f18\" data-element_type=\"widget\" data-e-type=\"widget\" data-widget_type=\"button.default\">\n\t\t\t\t<div class=\"elementor-widget-container\">\n\t\t\t\t\t\t\t\t\t<div class=\"elementor-button-wrapper\">\n\t\t\t\t\t<a class=\"elementor-button elementor-button-link elementor-size-md\" href=\"https:\/\/amiraapartman.hu\/pl\/amira-apartmanhaz-2\/\">\n\t\t\t\t\t\t<span class=\"elementor-button-content-wrapper\">\n\t\t\t\t\t\t\t\t\t<span class=\"elementor-button-text\">Sprawdz\u0119<\/span>\n\t\t\t\t\t<\/span>\n\t\t\t\t\t<\/a>\n\t\t\t\t<\/div>\n\t\t\t\t\t\t\t\t<\/div>\n\t\t\t\t<\/div>\n\t\t\t\t\t<\/div>\n\t\t<\/div>\n\t\t\t\t<div class=\"elementor-column elementor-col-50 elementor-top-column elementor-element elementor-element-a4b9acc\" data-id=\"a4b9acc\" data-element_type=\"column\" data-e-type=\"column\" data-settings=\"{&quot;background_background&quot;:&quot;classic&quot;}\">\n\t\t\t<div class=\"elementor-widget-wrap elementor-element-populated\">\n\t\t\t\t\t\t<div class=\"elementor-element elementor-element-71716eb elementor-position-top elementor-widget elementor-widget-image-box\" data-id=\"71716eb\" data-element_type=\"widget\" data-e-type=\"widget\" data-widget_type=\"image-box.default\">\n\t\t\t\t<div class=\"elementor-widget-container\">\n\t\t\t\t\t<div class=\"elementor-image-box-wrapper\"><figure class=\"elementor-image-box-img\"><img decoding=\"async\" width=\"2560\" height=\"1152\" src=\"https:\/\/amiraapartman.hu\/wp-content\/uploads\/2022\/06\/20220615_124624-scaled.jpg\" class=\"elementor-animation-grow attachment-full size-full wp-image-883\" alt=\"\" srcset=\"https:\/\/amiraapartman.hu\/wp-content\/uploads\/2022\/06\/20220615_124624-scaled.jpg 2560w, https:\/\/amiraapartman.hu\/wp-content\/uploads\/2022\/06\/20220615_124624-300x135.jpg 300w, https:\/\/amiraapartman.hu\/wp-content\/uploads\/2022\/06\/20220615_124624-1024x461.jpg 1024w, https:\/\/amiraapartman.hu\/wp-content\/uploads\/2022\/06\/20220615_124624-768x346.jpg 768w, https:\/\/amiraapartman.hu\/wp-content\/uploads\/2022\/06\/20220615_124624-1536x691.jpg 1536w, https:\/\/amiraapartman.hu\/wp-content\/uploads\/2022\/06\/20220615_124624-2048x922.jpg 2048w, https:\/\/amiraapartman.hu\/wp-content\/uploads\/2022\/06\/20220615_124624-18x8.jpg 18w\" sizes=\"(max-width: 2560px) 100vw, 2560px\" \/><\/figure><div class=\"elementor-image-box-content\"><h3 class=\"elementor-image-box-title\">Rajski apartamentowiec<\/h3><p class=\"elementor-image-box-description\">Jest on po\u0142o\u017cony 500 metr\u00f3w od centrum Egeru i 10 minut spacerem od \u0142a\u017ani termalnych. Oferuje on 2 apartamenty z 1 sypialni\u0105, ogrodem i tarasem.<\/p><\/div><\/div>\t\t\t\t<\/div>\n\t\t\t\t<\/div>\n\t\t\t\t<div class=\"elementor-element elementor-element-f7f5c13 elementor-icon-list--layout-inline elementor-align-center elementor-list-item-link-full_width elementor-widget elementor-widget-icon-list\" data-id=\"f7f5c13\" data-element_type=\"widget\" data-e-type=\"widget\" data-widget_type=\"icon-list.default\">\n\t\t\t\t<div class=\"elementor-widget-container\">\n\t\t\t\t\t\t\t<ul class=\"elementor-icon-list-items elementor-inline-items\">\n\t\t\t\t\t\t\t<li class=\"elementor-icon-list-item elementor-inline-item\">\n\t\t\t\t\t\t\t\t\t\t\t<span class=\"elementor-icon-list-icon\">\n\t\t\t\t\t\t\t<i aria-hidden=\"true\" class=\"fas fa-users\"><\/i>\t\t\t\t\t\t<\/span>\n\t\t\t\t\t\t\t\t\t\t<span class=\"elementor-icon-list-text\">2 + 2 osoby<\/span>\n\t\t\t\t\t\t\t\t\t<\/li>\n\t\t\t\t\t\t\t\t<li class=\"elementor-icon-list-item elementor-inline-item\">\n\t\t\t\t\t\t\t\t\t\t\t<span class=\"elementor-icon-list-icon\">\n\t\t\t\t\t\t\t<i aria-hidden=\"true\" class=\"fas fa-bed\"><\/i>\t\t\t\t\t\t<\/span>\n\t\t\t\t\t\t\t\t\t\t<span class=\"elementor-icon-list-text\">2 oddzielne mieszkania<\/span>\n\t\t\t\t\t\t\t\t\t<\/li>\n\t\t\t\t\t\t\t\t<li class=\"elementor-icon-list-item elementor-inline-item\">\n\t\t\t\t\t\t\t\t\t\t\t<span class=\"elementor-icon-list-icon\">\n\t\t\t\t\t\t\t<i aria-hidden=\"true\" class=\"fas fa-hot-tub\"><\/i>\t\t\t\t\t\t<\/span>\n\t\t\t\t\t\t\t\t\t\t<span class=\"elementor-icon-list-text\">Jakuzzi<\/span>\n\t\t\t\t\t\t\t\t\t<\/li>\n\t\t\t\t\t\t<\/ul>\n\t\t\t\t\t\t<\/div>\n\t\t\t\t<\/div>\n\t\t\t\t<div class=\"elementor-element elementor-element-d60d5b3 elementor-align-center elementor-widget elementor-widget-button\" data-id=\"d60d5b3\" data-element_type=\"widget\" data-e-type=\"widget\" data-widget_type=\"button.default\">\n\t\t\t\t<div class=\"elementor-widget-container\">\n\t\t\t\t\t\t\t\t\t<div class=\"elementor-button-wrapper\">\n\t\t\t\t\t<a class=\"elementor-button elementor-button-link elementor-size-md\" href=\"https:\/\/amiraapartman.hu\/pl\/paradise-apartmanhaz\/\">\n\t\t\t\t\t\t<span class=\"elementor-button-content-wrapper\">\n\t\t\t\t\t\t\t\t\t<span class=\"elementor-button-text\">Sprawdz\u0119<\/span>\n\t\t\t\t\t<\/span>\n\t\t\t\t\t<\/a>\n\t\t\t\t<\/div>\n\t\t\t\t\t\t\t\t<\/div>\n\t\t\t\t<\/div>\n\t\t\t\t\t<\/div>\n\t\t<\/div>\n\t\t\t\t\t<\/div>\n\t\t<\/section>\n\t\t\t\t<\/div>","protected":false},"excerpt":{"rendered":"<p>Domy apartamentowe w centrum Egeru Dom apartamentowy Amira Dwa oddzielne apartamenty z sypialni\u0105, salonem, wyposa\u017con\u0105 kuchni\u0105, \u0142azienk\u0105 z prysznicem, wygodne zakwaterowanie dla 2 - 6 os\u00f3b.4 + 2 osoby 2 oddzielne apartamenty 60 + 33 m2 Widok Dom apartamentowy Paradise znajduje si\u0119 500 m od centrum Egeru, 10 minut spacerem od \u0142a\u017ani termalnych.2 apartamenty z 1 sypialni\u0105, ogr\u00f3d, taras, 2 ... <a title=\"Domy mieszkalne w centrum miasta\" class=\"read-more\" href=\"https:\/\/amiraapartman.hu\/pl\/kulvarosi-apartmanhazak\/\" aria-label=\"Przeczytaj wi\u0119cej o apartamentowcach w centrum miasta\">Dowiedz si\u0119 wi\u0119cej<\/a><\/p>","protected":false},"author":1,"featured_media":0,"parent":0,"menu_order":0,"comment_status":"closed","ping_status":"closed","template":"elementor_header_footer","meta":{"footnotes":""},"class_list":["post-224","page","type-page","status-publish"],"_links":{"self":[{"href":"https:\/\/amiraapartman.hu\/pl\/wp-json\/wp\/v2\/pages\/224","targetHints":{"allow":["GET"]}}],"collection":[{"href":"https:\/\/amiraapartman.hu\/pl\/wp-json\/wp\/v2\/pages"}],"about":[{"href":"https:\/\/amiraapartman.hu\/pl\/wp-json\/wp\/v2\/types\/page"}],"author":[{"embeddable":true,"href":"https:\/\/amiraapartman.hu\/pl\/wp-json\/wp\/v2\/users\/1"}],"replies":[{"embeddable":true,"href":"https:\/\/amiraapartman.hu\/pl\/wp-json\/wp\/v2\/comments?post=224"}],"version-history":[{"count":116,"href":"https:\/\/amiraapartman.hu\/pl\/wp-json\/wp\/v2\/pages\/224\/revisions"}],"predecessor-version":[{"id":920,"href":"https:\/\/amiraapartman.hu\/pl\/wp-json\/wp\/v2\/pages\/224\/revisions\/920"}],"wp:attachment":[{"href":"https:\/\/amiraapartman.hu\/pl\/wp-json\/wp\/v2\/media?parent=224"}],"curies":[{"name":"wp","href":"https:\/\/api.w.org\/{rel}","templated":true}]}}