{"id":998,"date":"2022-06-19T15:51:36","date_gmt":"2022-06-19T13:51:36","guid":{"rendered":"https:\/\/amiraapartman.hu\/?page_id=998"},"modified":"2022-06-19T16:13:52","modified_gmt":"2022-06-19T14:13:52","slug":"adatkezelesi-tajekoztato","status":"publish","type":"page","link":"https:\/\/amiraapartman.hu\/de\/adatkezelesi-tajekoztato\/","title":{"rendered":"Datenschutzhinweis"},"content":{"rendered":"<div data-elementor-type=\"wp-page\" data-elementor-id=\"998\" class=\"elementor elementor-998\" data-elementor-post-type=\"page\">\n\t\t\t\t\t\t<section class=\"elementor-section elementor-top-section elementor-element elementor-element-ca9e0fd elementor-section-boxed elementor-section-height-default elementor-section-height-default\" data-id=\"ca9e0fd\" data-element_type=\"section\" data-e-type=\"section\">\n\t\t\t\t\t\t<div class=\"elementor-container elementor-column-gap-default\">\n\t\t\t\t\t<div class=\"elementor-column elementor-col-100 elementor-top-column elementor-element elementor-element-877ea98\" data-id=\"877ea98\" data-element_type=\"column\" data-e-type=\"column\">\n\t\t\t<div class=\"elementor-widget-wrap elementor-element-populated\">\n\t\t\t\t\t\t<div class=\"elementor-element elementor-element-bc4fcd8 elementor-widget elementor-widget-heading\" data-id=\"bc4fcd8\" data-element_type=\"widget\" data-e-type=\"widget\" data-widget_type=\"heading.default\">\n\t\t\t\t<div class=\"elementor-widget-container\">\n\t\t\t\t\t<h2 class=\"elementor-heading-title elementor-size-default\">Datenschutzhinweis<\/h2>\t\t\t\t<\/div>\n\t\t\t\t<\/div>\n\t\t\t\t<div class=\"elementor-element elementor-element-eab4e15 elementor-widget-divider--separator-type-pattern elementor-widget-divider--view-line elementor-widget elementor-widget-divider\" data-id=\"eab4e15\" data-element_type=\"widget\" data-e-type=\"widget\" data-widget_type=\"divider.default\">\n\t\t\t\t<div class=\"elementor-widget-container\">\n\t\t\t\t\t\t\t<div class=\"elementor-divider\" style=\"--divider-pattern-url: url(&quot;data:image\/svg+xml,%3Csvg xmlns=&#039;http:\/\/www.w3.org\/2000\/svg&#039; preserveAspectRatio=&#039;none&#039; overflow=&#039;visible&#039; height=&#039;100%&#039; viewBox=&#039;0 0 24 24&#039; fill=&#039;none&#039; stroke=&#039;black&#039; stroke-width=&#039;2&#039; stroke-linecap=&#039;square&#039; stroke-miterlimit=&#039;10&#039;%3E%3Cpolyline points=&#039;0,18 12,6 24,18 &#039;\/%3E%3C\/svg%3E&quot;);\">\n\t\t\t<span class=\"elementor-divider-separator\">\n\t\t\t\t\t\t<\/span>\n\t\t<\/div>\n\t\t\t\t\t\t<\/div>\n\t\t\t\t<\/div>\n\t\t\t\t\t<\/div>\n\t\t<\/div>\n\t\t\t\t\t<\/div>\n\t\t<\/section>\n\t\t\t\t<section class=\"elementor-section elementor-top-section elementor-element elementor-element-f679e2e elementor-section-boxed elementor-section-height-default elementor-section-height-default\" data-id=\"f679e2e\" data-element_type=\"section\" data-e-type=\"section\">\n\t\t\t\t\t\t<div class=\"elementor-container elementor-column-gap-default\">\n\t\t\t\t\t<div class=\"elementor-column elementor-col-100 elementor-top-column elementor-element elementor-element-0034b95\" data-id=\"0034b95\" data-element_type=\"column\" data-e-type=\"column\">\n\t\t\t<div class=\"elementor-widget-wrap elementor-element-populated\">\n\t\t\t\t\t\t<div class=\"elementor-element elementor-element-3468b1c elementor-widget elementor-widget-text-editor\" data-id=\"3468b1c\" data-element_type=\"widget\" data-e-type=\"widget\" data-widget_type=\"text-editor.default\">\n\t\t\t\t<div class=\"elementor-widget-container\">\n\t\t\t\t\t\t\t\t\t<section data-id=\"ae5007b\" data-element_type=\"section\"><div><div data-id=\"fb13eb3\" data-element_type=\"column\"><div><div data-id=\"6b1919f\" data-element_type=\"widget\" data-widget_type=\"text-editor.default\"><div><section data-id=\"5e41921\" data-element_type=\"section\" data-settings=\"{\"><div><div><div data-id=\"cf8cf65\" data-element_type=\"column\"><div><div><div data-id=\"170bcf0\" data-element_type=\"widget\" data-widget_type=\"text-editor.default\"><div><div><section><div><div><div><div><div><div><div><div><div><div><div><div><div><div><div><div><p>Zweck dieser Datenschutzrichtlinie ist es, die Grunds\u00e4tze des Datenschutzes und der Datenverwaltung sowie die Datenschutz- und Datenverwaltungspolitik des Betreibers von amiraapartman.hu (im Folgenden als Website bezeichnet), Annam\u00e1ria Hatal\u00e1n\u00e9 Antal (im Folgenden als Dienstanbieter bezeichnet), darzulegen, die der Dienstanbieter als f\u00fcr sich selbst verbindlich anerkennt, da er den Schutz der personenbezogenen Daten der auf der Website registrierten Nutzer\/innen in gr\u00f6\u00dftm\u00f6glichem Umfang gew\u00e4hrleisten will.<\/p><p>Mit der Nutzung der Website, der Inanspruchnahme von Diensten oder Anwendungen stimmt der\/die Nutzer\/in der Verarbeitung seiner\/ihrer personenbezogenen Daten gem\u00e4\u00df den Bestimmungen dieser Datenschutzrichtlinie zu.<\/p><ol><li>DIE DATEN DES DATENVERANTWORTLICHEN<\/li><\/ol><p>Name: Frau Antal Annam\u00e1ria Hatal\u00e1n\u00e9<\/p><p>Steuernummer: 79094748-1-30<\/p><p>Telefon +36 (30) 965 5363.<\/p><p>E-Mail: antal.ami2002@gmail.com<\/p><ol start=\"2\"><li>BEGRIFFSDEFINITIONEN<\/li><\/ol><p>Die in dieser Bekanntmachung verwendeten Begriffe sind in \u00dcbereinstimmung mit den Definitionen in den Auslegungsbestimmungen des Gesetzes CXII von 2011 \u00fcber das Recht auf informationelle Selbstbestimmung und Informationsfreiheit (im Folgenden \"Info-Gesetz\") wie folgt auszulegen.<\/p><p>Personenbezogene Daten: Daten, die mit der betroffenen Person in Verbindung gebracht werden k\u00f6nnen, insbesondere der Name, das Erkennungszeichen und ein oder mehrere Faktoren, die f\u00fcr ihre physische, physiologische, psychische, wirtschaftliche, kulturelle oder soziale Identit\u00e4t kennzeichnend sind, sowie die R\u00fcckschl\u00fcsse, die aus den Daten auf die betroffene Person gezogen werden k\u00f6nnen;<\/p><p>Betroffene Person: jede nat\u00fcrliche Person (im Fall dieser Mitteilung der Nutzer\/die Nutzerin), die direkt oder indirekt anhand von personenbezogenen Daten identifiziert wird oder identifiziert werden kann;<\/p><p>Einwilligung: eine freiwillige und ausdr\u00fcckliche Willensbekundung der betroffenen Person auf der Grundlage angemessener Informationen, mit der sie der Verarbeitung sie betreffender personenbezogener Daten in vollem Umfang oder in Bezug auf bestimmte Vorg\u00e4nge unmissverst\u00e4ndlich zustimmt;<\/p><p>Datenverarbeitung: Jeder Vorgang oder eine Reihe von Vorg\u00e4ngen, die mit Daten durchgef\u00fchrt werden, unabh\u00e4ngig vom verwendeten Verfahren, insbesondere das Erheben, Erfassen, Aufzeichnen, Organisieren, Speichern, Ver\u00e4ndern, Verwenden, Abrufen, Offenlegen, \u00dcbermitteln, Angleichen oder Kombinieren, Sperren, L\u00f6schen oder Vernichten von Daten, Verhindern ihrer weiteren Verwendung, Anfertigen von Fotografien, Tonaufnahmen oder Bildern und physischen Merkmalen, die zur Identifizierung einer Person verwendet werden k\u00f6nnen (z. B. Fingerabdr\u00fccke, Handabdr\u00fccke, DNA-Proben, Irisscans);<\/p><p>Verantwortlicher f\u00fcr die Datenverarbeitung: die nat\u00fcrliche oder juristische Person oder nicht rechtsf\u00e4hige K\u00f6rperschaft, die allein oder gemeinsam mit anderen die Zwecke der Datenverarbeitung festlegt, die Entscheidungen \u00fcber die Verarbeitung (einschlie\u00dflich der verwendeten Mittel) trifft und umsetzt oder sie \u00fcber einen Auftragsverarbeiter (im Fall dieser Bekanntmachung den Dienstleister) umsetzt;<\/p><p>\u00dcbertragung: Bereitstellung von Daten an eine bestimmte dritte Partei;<\/p><p>Offenlegung: Die Daten sind f\u00fcr jeden zug\u00e4nglich;<\/p><p>Datenl\u00f6schung: Daten werden so unkenntlich gemacht, dass sie nicht mehr wiederhergestellt werden k\u00f6nnen;<\/p><p>Datenmarkierung: die Kennzeichnung von Daten mit einem Identifikationsmerkmal, um sie zu unterscheiden;<\/p><p>Datensperrung: die Kennzeichnung von Daten mit einer Kennung, um ihre Weiterverarbeitung dauerhaft oder f\u00fcr einen begrenzten Zeitraum einzuschr\u00e4nken;<\/p><p>Datenverarbeitung: die Durchf\u00fchrung technischer Aufgaben im Zusammenhang mit Datenverarbeitungsvorg\u00e4ngen, unabh\u00e4ngig von der Methode und den Mitteln, die zur Durchf\u00fchrung der Vorg\u00e4nge verwendet werden, und dem Ort der Anwendung, sofern die technische Aufgabe mit den Daten durchgef\u00fchrt wird;<\/p><p>Datenverarbeiter: eine nat\u00fcrliche oder juristische Person oder eine nicht eingetragene K\u00f6rperschaft, die Daten auf der Grundlage eines Vertrags mit dem f\u00fcr die Verarbeitung Verantwortlichen verarbeitet, einschlie\u00dflich eines Vertrags, der aufgrund einer gesetzlichen Bestimmung geschlossen wurde;<\/p><ol start=\"3\"><li>DATENMANAGEMENT-PRINZIP<\/li><\/ol><p>Der Dienstleister verarbeitet die erfassten personenbezogenen Daten in \u00dcbereinstimmung mit den jeweils geltenden Datenschutzgesetzen, insbesondere dem Info-Gesetz, und in \u00dcbereinstimmung mit diesen Informationen.<\/p><ol start=\"4\"><li>RECHTSGRUNDLAGE F\u00dcR DIE VERARBEITUNG<\/li><\/ol><p>Die Erhebung und Verarbeitung personenbezogener Daten im Zusammenhang mit dem Betrieb der Website und ihrer Dienste beruht auf der freiwilligen Zustimmung der betroffenen Person.<\/p><p>Der\/die Nutzer\/in gibt seine\/ihre Zustimmung, indem er\/sie den Webseitendienst nutzt (Registrierung).<\/p><p>Der Dienstleister ist berechtigt, dem\/der Nutzer\/in einen Newsletter oder andere Werbesendungen zuzusenden, sofern der\/die Nutzer\/in bei der Registrierung seine\/ihre vorherige, eindeutige, ausdr\u00fcckliche und freiwillige Zustimmung dazu gegeben hat, indem er\/sie die entsprechenden Daten angegeben hat. Der Dienstleister ist nicht verpflichtet zu \u00fcberpr\u00fcfen, ob die vom Nutzer bei der Registrierung oder anderweitig bei der Erteilung seiner Zustimmung angegebenen Daten wahr und richtig sind.<\/p><p>Der\/die Nutzer\/in kann seine\/ihre im vorherigen Punkt genannte freiwillige Zustimmung jederzeit widerrufen. In diesem Fall wird der Dienstleister dem\/der Nutzer\/in nach dem Widerruf keine Newsletter oder andere Werbesendungen mehr zusenden und die Daten des\/der Nutzers\/in aus den Daten der f\u00fcr den Newsletter angemeldeten Nutzer\/innen l\u00f6schen.<\/p><p>Soweit gesetzlich nicht anders geregelt, darf der Dienstleister die erhobenen personenbezogenen Daten zur Erf\u00fcllung einer gesetzlichen Verpflichtung (insbesondere Abrechnungspflicht, vertragliche Verpflichtung mit dem Nutzer) oder zur Durchsetzung eigener oder fremder berechtigter Interessen, wenn die Durchsetzung dieser Interessen in einem angemessenen Verh\u00e4ltnis zur Einschr\u00e4nkung des Rechts auf den Schutz personenbezogener Daten steht, ohne weitere ausdr\u00fcckliche Einwilligung und auch nach Widerruf der Einwilligung des Nutzers verarbeiten.<\/p><ol start=\"5\"><li>DEN UMFANG DER VERARBEITETEN DATEN<\/li><\/ol><p>Der Dienstleister verarbeitet die folgenden personenbezogenen Daten des Nutzers w\u00e4hrend und nach der Erbringung der Dienstleistung des Dienstleisters auf der Grundlage der freiwilligen Zustimmung des Nutzers: Name, Vorname, E-Mail-Adresse.<\/p><p>Der\/die Nutzer\/in ist allein f\u00fcr die Wahrhaftigkeit und Richtigkeit der pers\u00f6nlichen Daten verantwortlich.<\/p><ol start=\"6\"><li>DEN ZWECK DER VERARBEITUNG<\/li><\/ol><p>Der Zweck der Verarbeitung der personenbezogenen Daten des Nutzers ist der Versand des Newsletters und der Werbesendungen gem\u00e4\u00df Punkt IV sowie die Erf\u00fcllung der sonstigen rechtlichen Verpflichtungen des Dienstleisters. Der Dienstleister darf die personenbezogenen Daten des Nutzers nicht an unbefugte Dritte weitergeben.<\/p><ol start=\"7\"><li>DAUER DER DATENVERARBEITUNG, \u00c4NDERUNG, L\u00d6SCHUNG, WIDERSPRUCH GEGEN DIE DATENVERARBEITUNG<\/li><\/ol><p>Der Dienstleister verarbeitet personenbezogene Daten, die im Zusammenhang mit der Nutzung der Dienste verarbeitet werden, bis der Zweck der Datenverarbeitung erf\u00fcllt ist.<\/p><p>Die pers\u00f6nlichen Daten, die bei der Registrierung angegeben wurden, k\u00f6nnen von der Nutzerin\/dem Nutzer nach dem Zugriff auf die Website jederzeit ge\u00e4ndert werden.<\/p><p>Der\/die Nutzer\/in kann die L\u00f6schung seiner\/ihrer pers\u00f6nlichen Daten beantragen, indem er\/sie eine E-Mail an antal.ami2002@gmail.com schickt. Der Dienstleister l\u00f6scht die personenbezogenen Daten des Nutzers auch ohne dessen Aufforderung, wenn die Verarbeitung rechtswidrig ist, der Zweck der Verarbeitung weggefallen ist, die gesetzliche Aufbewahrungsfrist abgelaufen ist, das Gericht oder die nationale Beh\u00f6rde f\u00fcr Datenschutz und Informationsfreiheit dies angeordnet hat oder die Verarbeitung unvollst\u00e4ndig oder unrichtig ist - und dieser Zustand nicht rechtm\u00e4\u00dfig behoben werden kann -, sofern die L\u00f6schung nicht gesetzlich ausgeschlossen ist.<\/p><p>Anstatt die personenbezogenen Daten zu l\u00f6schen, sperrt der Dienstleister die personenbezogenen Daten, wenn der\/die Nutzer\/in dies verlangt oder wenn aufgrund der ihm\/ihr vorliegenden Informationen davon auszugehen ist, dass die L\u00f6schung die berechtigten Interessen des\/der Nutzers\/in beeintr\u00e4chtigen w\u00fcrde. Die gesperrten personenbezogenen Daten werden vom Dienstleister nur so lange verarbeitet, wie der Datenverarbeitungszweck, der die L\u00f6schung der personenbezogenen Daten ausschlie\u00dft, besteht. Nach dem Widerruf der Einwilligung des Nutzers kann der Dienstleister die personenbezogenen Daten der betroffenen Person weiter verarbeiten, um seine gesetzlichen Verpflichtungen (insbesondere die Buchf\u00fchrungspflichten) zu erf\u00fcllen.<\/p><p>Der Nutzer kann der Verarbeitung seiner personenbezogenen Daten widersprechen, indem er eine E-Mail an antal.ami2002@gmail.com schickt,<\/p><p>- wenn die Verarbeitung oder \u00dcbermittlung personenbezogener Daten ausschlie\u00dflich zur Erf\u00fcllung einer rechtlichen Verpflichtung, der der Dienstleister unterliegt, oder zur Wahrung der berechtigten Interessen des f\u00fcr die Verarbeitung Verantwortlichen, des Empf\u00e4ngers oder eines Dritten erforderlich ist, es sei denn, es handelt sich um eine sogenannte Pflichtverarbeitung;<\/p><p>- wenn die personenbezogenen Daten f\u00fcr Zwecke des Direktmarketings, der \u00f6ffentlichen Meinungsumfrage oder der wissenschaftlichen Forschung verwendet oder weitergegeben werden; und<\/p><p>- in jedem anderen gesetzlich festgelegten Fall.<\/p><p>Der f\u00fcr die Verarbeitung Verantwortliche pr\u00fcft den Einspruch innerhalb der k\u00fcrzest m\u00f6glichen Zeit ab dem Datum des Antrags, sp\u00e4testens jedoch innerhalb von 15 Tagen, entscheidet, ob der Einspruch gerechtfertigt ist und teilt dem Antragsteller seine Entscheidung schriftlich mit.<\/p><p>Stellt der f\u00fcr die Verarbeitung Verantwortliche fest, dass der Widerspruch der betroffenen Person gerechtfertigt ist, stellt er die Verarbeitung, einschlie\u00dflich der weiteren Erhebung und \u00dcbermittlung, ein und sperrt die Daten und teilt den Widerspruch und die aufgrund des Widerspruchs getroffenen Ma\u00dfnahmen allen Personen mit, denen die betroffene Person die personenbezogenen Daten zuvor mitgeteilt hat und die verpflichtet sind, Ma\u00dfnahmen zur Durchsetzung des Widerspruchsrechts zu ergreifen.<\/p><p>Ist die betroffene Person mit der Entscheidung des f\u00fcr die Verarbeitung Verantwortlichen nicht einverstanden oder h\u00e4lt der f\u00fcr die Verarbeitung Verantwortliche die 15-Tage-Frist nicht ein, kann die betroffene Person innerhalb von 30 Tagen nach Bekanntgabe der Entscheidung oder am letzten Tag der Frist die Gerichte anrufen. Das Gericht wird au\u00dfergerichtlich t\u00e4tig.<\/p><p>Wenn die betroffene Person die zur Aus\u00fcbung ihrer Rechte erforderlichen Daten nicht erh\u00e4lt, weil sie Widerspruch einlegt, kann sie innerhalb von 15 Tagen nach der Benachrichtigung gerichtlich gegen den f\u00fcr die Verarbeitung Verantwortlichen vorgehen, um Zugang zu den Daten zu erhalten. Der f\u00fcr die Verarbeitung Verantwortliche kann die betroffene Person auch vor Gericht bringen.<\/p><p>Unterl\u00e4sst der f\u00fcr die Verarbeitung Verantwortliche die Mitteilung, kann der Empf\u00e4nger von dem f\u00fcr die Verarbeitung Verantwortlichen eine Erl\u00e4uterung der Umst\u00e4nde der Nichtweitergabe der Daten verlangen, die der f\u00fcr die Verarbeitung Verantwortliche innerhalb von 8 Tagen nach Eingang des Ersuchens des Empf\u00e4ngers um eine solche Erl\u00e4uterung erteilt. Im Falle eines Kl\u00e4rungsersuchens kann die betroffene Person innerhalb von 15 Tagen nach dem Datum der Kl\u00e4rung, sp\u00e4testens jedoch nach Ablauf der Frist f\u00fcr die Kl\u00e4rung, bei einem Gericht Klage gegen den f\u00fcr die Verarbeitung Verantwortlichen erheben. Der f\u00fcr die Verarbeitung Verantwortliche kann auch rechtliche Schritte gegen die betroffene Person einleiten.<\/p><p>Der f\u00fcr die Verarbeitung Verantwortliche darf die Daten der betroffenen Person nicht l\u00f6schen, wenn die Verarbeitung gesetzlich vorgeschrieben ist. Die Daten d\u00fcrfen jedoch nicht an den Datenempf\u00e4nger \u00fcbermittelt werden, wenn der f\u00fcr die Verarbeitung Verantwortliche dem Einspruch zugestimmt hat oder wenn das Gericht entschieden hat, dass der Einspruch gerechtfertigt ist.<\/p><ol start=\"8\"><li>AUSKUNFTSERSUCHEN<\/li><\/ol><p>Der\/die Nutzer\/in hat das Recht, jederzeit Auskunft \u00fcber die ihn\/sie betreffenden personenbezogenen Daten zu verlangen, die vom Dienstleister im Zusammenhang mit den Diensten der Website verarbeitet werden, indem er\/sie eine E-Mail an antal.ami2002@gmail.com schickt oder unter +36 (30) 965 5363 anruft. Auf Anfrage des Nutzers gibt der Dienstleister Auskunft \u00fcber die den Nutzer betreffenden Daten, die vom Dienstleister im Zusammenhang mit dem jeweiligen Dienst verarbeitet werden, ihre Quelle, den Zweck, die Rechtsgrundlage und die Dauer der Datenverarbeitung, den Namen und die Adresse des Datenverarbeiters, die Rechtsgrundlage und den Empf\u00e4nger der Daten\u00fcbermittlung sowie die Datenverarbeitungst\u00e4tigkeiten. Der Dienstleister stellt die Informationen auf Anfrage der betroffenen Person so schnell wie m\u00f6glich, sp\u00e4testens aber innerhalb von 30 Tagen ab dem Datum der Anfrage, schriftlich in verst\u00e4ndlicher Form zur Verf\u00fcgung. Die Informationen werden kostenlos zur Verf\u00fcgung gestellt. Der Dienstanbieter betrachtet eine Anfrage, die von einer dem Dienstanbieter zuvor mitgeteilten E-Mail-Adresse eingeht, als eine Anfrage des Nutzers\/der Nutzerin. Bei Anfragen von anderen E-Mail-Adressen und schriftlichen Anfragen kann der Nutzer nur dann eine Anfrage stellen, wenn er seine Eigenschaft als Nutzer ordnungsgem\u00e4\u00df nachgewiesen hat.<\/p><ol start=\"9\"><li>DURCHSETZUNGSOPTIONEN<\/li><\/ol><p>Der\/die Nutzer\/in kann seine\/ihre Rechte nach dem Info-Gesetz und dem Gesetz IV von 1959 (B\u00fcrgerliches Gesetzbuch) vor Gericht geltend machen und sich in allen Angelegenheiten im Zusammenhang mit pers\u00f6nlichen Daten an die Nationale Beh\u00f6rde f\u00fcr Datenschutz und Informationsfreiheit wenden (1125 Budapest Szil\u00e1gyi Erzs\u00e9bet fasor 22\/C, Postanschrift: 1530 Budapest, Pf. 5., ugyfelszolgalat@naih.hu, (+36) 1 391 1400, www.naih.hu).<\/p><\/div><\/div><\/div><\/div><\/div><\/div><\/div><\/div><\/div><\/div><\/div><\/div><\/div><\/div><\/div><\/div><\/section><\/div><\/div><\/div><\/div><\/div><\/div><\/div><\/div><\/section><\/div><\/div><\/div><\/div><\/div><\/section>\t\t\t\t\t\t\t\t<\/div>\n\t\t\t\t<\/div>\n\t\t\t\t\t<\/div>\n\t\t<\/div>\n\t\t\t\t\t<\/div>\n\t\t<\/section>\n\t\t\t\t<\/div>","protected":false},"excerpt":{"rendered":"<p>Datenschutzerkl\u00e4rung Der Zweck dieser Datenschutzerkl\u00e4rung ist es, die Datenschutzgrunds\u00e4tze und die Datenschutzpolitik des Betreibers von amiraapartman.hu (im Folgenden als Website bezeichnet), Annam\u00e1ria Hatal\u00e1n\u00e9 Antal (im Folgenden als Dienstanbieter bezeichnet), darzulegen, die der Dienstanbieter als f\u00fcr sich selbst verbindlich anerkennt, da er bestrebt ist, das h\u00f6chstm\u00f6gliche Schutzniveau f\u00fcr die Privatsph\u00e4re der auf der Website registrierten Nutzer\/innen zu gew\u00e4hrleisten. <a title=\"Datenschutzhinweis\" class=\"read-more\" href=\"https:\/\/amiraapartman.hu\/de\/adatkezelesi-tajekoztato\/\" aria-label=\"Mehr Informationen \u00fcber die Datenschutzrichtlinie\">Mehr lesen<\/a><\/p>","protected":false},"author":1,"featured_media":0,"parent":0,"menu_order":0,"comment_status":"closed","ping_status":"closed","template":"elementor_header_footer","meta":{"footnotes":""},"class_list":["post-998","page","type-page","status-publish"],"_links":{"self":[{"href":"https:\/\/amiraapartman.hu\/de\/wp-json\/wp\/v2\/pages\/998","targetHints":{"allow":["GET"]}}],"collection":[{"href":"https:\/\/amiraapartman.hu\/de\/wp-json\/wp\/v2\/pages"}],"about":[{"href":"https:\/\/amiraapartman.hu\/de\/wp-json\/wp\/v2\/types\/page"}],"author":[{"embeddable":true,"href":"https:\/\/amiraapartman.hu\/de\/wp-json\/wp\/v2\/users\/1"}],"replies":[{"embeddable":true,"href":"https:\/\/amiraapartman.hu\/de\/wp-json\/wp\/v2\/comments?post=998"}],"version-history":[{"count":10,"href":"https:\/\/amiraapartman.hu\/de\/wp-json\/wp\/v2\/pages\/998\/revisions"}],"predecessor-version":[{"id":1010,"href":"https:\/\/amiraapartman.hu\/de\/wp-json\/wp\/v2\/pages\/998\/revisions\/1010"}],"wp:attachment":[{"href":"https:\/\/amiraapartman.hu\/de\/wp-json\/wp\/v2\/media?parent=998"}],"curies":[{"name":"wp","href":"https:\/\/api.w.org\/{rel}","templated":true}]}}