{"id":966,"date":"2022-06-19T14:57:59","date_gmt":"2022-06-19T12:57:59","guid":{"rendered":"https:\/\/amiraapartman.hu\/?page_id=966"},"modified":"2022-06-19T15:01:06","modified_gmt":"2022-06-19T13:01:06","slug":"hazirend","status":"publish","type":"page","link":"https:\/\/amiraapartman.hu\/de\/hazirend\/","title":{"rendered":"Hausordnung"},"content":{"rendered":"<div data-elementor-type=\"wp-page\" data-elementor-id=\"966\" class=\"elementor elementor-966\" data-elementor-post-type=\"page\">\n\t\t\t\t\t\t<section class=\"elementor-section elementor-top-section elementor-element elementor-element-ca9e0fd elementor-section-boxed elementor-section-height-default elementor-section-height-default\" data-id=\"ca9e0fd\" data-element_type=\"section\" data-e-type=\"section\">\n\t\t\t\t\t\t<div class=\"elementor-container elementor-column-gap-default\">\n\t\t\t\t\t<div class=\"elementor-column elementor-col-100 elementor-top-column elementor-element elementor-element-877ea98\" data-id=\"877ea98\" data-element_type=\"column\" data-e-type=\"column\">\n\t\t\t<div class=\"elementor-widget-wrap elementor-element-populated\">\n\t\t\t\t\t\t<div class=\"elementor-element elementor-element-bc4fcd8 elementor-widget elementor-widget-heading\" data-id=\"bc4fcd8\" data-element_type=\"widget\" data-e-type=\"widget\" data-widget_type=\"heading.default\">\n\t\t\t\t<div class=\"elementor-widget-container\">\n\t\t\t\t\t<h2 class=\"elementor-heading-title elementor-size-default\">Hausordnung<\/h2>\t\t\t\t<\/div>\n\t\t\t\t<\/div>\n\t\t\t\t<div class=\"elementor-element elementor-element-eab4e15 elementor-widget-divider--separator-type-pattern elementor-widget-divider--view-line elementor-widget elementor-widget-divider\" data-id=\"eab4e15\" data-element_type=\"widget\" data-e-type=\"widget\" data-widget_type=\"divider.default\">\n\t\t\t\t<div class=\"elementor-widget-container\">\n\t\t\t\t\t\t\t<div class=\"elementor-divider\" style=\"--divider-pattern-url: url(&quot;data:image\/svg+xml,%3Csvg xmlns=&#039;http:\/\/www.w3.org\/2000\/svg&#039; preserveAspectRatio=&#039;none&#039; overflow=&#039;visible&#039; height=&#039;100%&#039; viewBox=&#039;0 0 24 24&#039; fill=&#039;none&#039; stroke=&#039;black&#039; stroke-width=&#039;2&#039; stroke-linecap=&#039;square&#039; stroke-miterlimit=&#039;10&#039;%3E%3Cpolyline points=&#039;0,18 12,6 24,18 &#039;\/%3E%3C\/svg%3E&quot;);\">\n\t\t\t<span class=\"elementor-divider-separator\">\n\t\t\t\t\t\t<\/span>\n\t\t<\/div>\n\t\t\t\t\t\t<\/div>\n\t\t\t\t<\/div>\n\t\t\t\t\t<\/div>\n\t\t<\/div>\n\t\t\t\t\t<\/div>\n\t\t<\/section>\n\t\t\t\t<section class=\"elementor-section elementor-top-section elementor-element elementor-element-f679e2e elementor-section-boxed elementor-section-height-default elementor-section-height-default\" data-id=\"f679e2e\" data-element_type=\"section\" data-e-type=\"section\">\n\t\t\t\t\t\t<div class=\"elementor-container elementor-column-gap-default\">\n\t\t\t\t\t<div class=\"elementor-column elementor-col-100 elementor-top-column elementor-element elementor-element-0034b95\" data-id=\"0034b95\" data-element_type=\"column\" data-e-type=\"column\">\n\t\t\t<div class=\"elementor-widget-wrap elementor-element-populated\">\n\t\t\t\t\t\t<div class=\"elementor-element elementor-element-3468b1c elementor-widget elementor-widget-text-editor\" data-id=\"3468b1c\" data-element_type=\"widget\" data-e-type=\"widget\" data-widget_type=\"text-editor.default\">\n\t\t\t\t<div class=\"elementor-widget-container\">\n\t\t\t\t\t\t\t\t\t<p><b>Liebe G\u00e4ste!<\/b><\/p><p>Wir werden unser Bestes tun, damit dein Urlaub angenehm und reibungslos verl\u00e4uft. Wir bitten dich daher, die folgenden Punkte zu beachten und einzuhalten.<\/p><ol><li>Das Haus ist am Anreisetag ab 14.00 Uhr verf\u00fcgbar.<\/li><li>Nur die in der Bestellung vereinbarte Anzahl von Personen darf das Haus betreten.<\/li><li>Bitte verlasse das Haus am Tag der Abreise bis 10.00 Uhr.<\/li><li>Die Zahlung des Unterkunftspreises erfolgt bei der Ankunft, nachdem die Einzelheiten vereinbart wurden.<\/li><li>Es ist verboten, Ausr\u00fcstung aus dem Haus zu nehmen. Bei der Abreise wird das Haus inspiziert und eventuelle Sch\u00e4den werden vom Mieter an Ort und Stelle ersetzt.<\/li><li>Der Eigent\u00fcmer oder der Unterkunftsanbieter haftet nicht f\u00fcr Unf\u00e4lle auf dem Grundst\u00fcck und kann keine Entsch\u00e4digung verlangen.<\/li><li>Der Vermieter beh\u00e4lt sich das Recht vor, jeden Mieter, der sich nicht an die Hausordnung h\u00e4lt, sofort aus dem Haus zu entfernen.<\/li><li>Haustiere sind ohne Erlaubnis des Eigent\u00fcmers im Haus nicht erlaubt.<\/li><li>Wenn du w\u00e4hrend deines Aufenthalts Probleme mit dem Haus hast, melde sie bitte sofort. Danach k\u00f6nnen wir keine Anspr\u00fcche mehr geltend machen.<\/li><li>Die G\u00e4ste werden gebeten, vor dem Verlassen des Zimmers alle Wasserh\u00e4hne abzudrehen und das Licht und die Klimaanlage auszuschalten.<\/li><li>Der Eigent\u00fcmer \u00fcbernimmt keine Verantwortung f\u00fcr Wertgegenst\u00e4nde, die im Haus untergebracht sind.<\/li><li>Das Rauchen ist nur vor der Wohnung und auf der Terrasse erlaubt, um die Brandschutzbestimmungen einzuhalten.<\/li><li>Der Eigent\u00fcmer haftet nicht f\u00fcr Unf\u00e4lle oder Sch\u00e4den, die w\u00e4hrend der Nutzung der Wohnung verursacht werden, dies liegt in der alleinigen Verantwortung des Gastes, es besteht kein Rechtsanspruch.<\/li><li>Mit der Angabe seiner Daten und der Zahlung des Unterkunftspreises akzeptiert der Gast die Richtlinien und ist an sie gebunden. Es gibt kein Recht auf Berufung.<\/li><\/ol><p>\u00a0<b>Ich hoffe, dass deine Auszeit so angenehm und ungest\u00f6rt sein wird, wie du es erwartest.<\/b><\/p>\t\t\t\t\t\t\t\t<\/div>\n\t\t\t\t<\/div>\n\t\t\t\t\t<\/div>\n\t\t<\/div>\n\t\t\t\t\t<\/div>\n\t\t<\/section>\n\t\t\t\t<\/div>","protected":false},"excerpt":{"rendered":"<p>Hausordnung Liebe G\u00e4ste! Wir werden unser Bestes tun, um dir einen angenehmen und reibungslosen Aufenthalt zu erm\u00f6glichen. Deshalb bitten wir dich, die folgenden Regeln zur Kenntnis zu nehmen und einzuhalten. Das Haus ist am Anreisetag ab 14.00 Uhr verf\u00fcgbar. Nur die in der Bestellung vereinbarte Anzahl von Personen darf im Haus wohnen. Bitte verlasse das Haus am Tag der Abreise vor 10.00 Uhr. Die Zahlung des Unterkunftspreises ist bei der Ankunft zu ... <a title=\"Hausordnung\" class=\"read-more\" href=\"https:\/\/amiraapartman.hu\/de\/hazirend\/\" aria-label=\"Mehr Informationen \u00fcber H\u00e1zirend\">Mehr lesen<\/a><\/p>","protected":false},"author":1,"featured_media":0,"parent":0,"menu_order":0,"comment_status":"closed","ping_status":"closed","template":"elementor_header_footer","meta":{"footnotes":""},"class_list":["post-966","page","type-page","status-publish"],"_links":{"self":[{"href":"https:\/\/amiraapartman.hu\/de\/wp-json\/wp\/v2\/pages\/966","targetHints":{"allow":["GET"]}}],"collection":[{"href":"https:\/\/amiraapartman.hu\/de\/wp-json\/wp\/v2\/pages"}],"about":[{"href":"https:\/\/amiraapartman.hu\/de\/wp-json\/wp\/v2\/types\/page"}],"author":[{"embeddable":true,"href":"https:\/\/amiraapartman.hu\/de\/wp-json\/wp\/v2\/users\/1"}],"replies":[{"embeddable":true,"href":"https:\/\/amiraapartman.hu\/de\/wp-json\/wp\/v2\/comments?post=966"}],"version-history":[{"count":13,"href":"https:\/\/amiraapartman.hu\/de\/wp-json\/wp\/v2\/pages\/966\/revisions"}],"predecessor-version":[{"id":979,"href":"https:\/\/amiraapartman.hu\/de\/wp-json\/wp\/v2\/pages\/966\/revisions\/979"}],"wp:attachment":[{"href":"https:\/\/amiraapartman.hu\/de\/wp-json\/wp\/v2\/media?parent=966"}],"curies":[{"name":"wp","href":"https:\/\/api.w.org\/{rel}","templated":true}]}}