{"id":998,"date":"2022-06-19T15:51:36","date_gmt":"2022-06-19T13:51:36","guid":{"rendered":"https:\/\/amiraapartman.hu\/?page_id=998"},"modified":"2022-06-19T16:13:52","modified_gmt":"2022-06-19T14:13:52","slug":"adatkezelesi-tajekoztato","status":"publish","type":"page","link":"https:\/\/amiraapartman.hu\/cs\/adatkezelesi-tajekoztato\/","title":{"rendered":"Ozn\u00e1men\u00ed o ochran\u011b osobn\u00edch \u00fadaj\u016f"},"content":{"rendered":"<div data-elementor-type=\"wp-page\" data-elementor-id=\"998\" class=\"elementor elementor-998\" data-elementor-post-type=\"page\">\n\t\t\t\t\t\t<section class=\"elementor-section elementor-top-section elementor-element elementor-element-ca9e0fd elementor-section-boxed elementor-section-height-default elementor-section-height-default\" data-id=\"ca9e0fd\" data-element_type=\"section\" data-e-type=\"section\">\n\t\t\t\t\t\t<div class=\"elementor-container elementor-column-gap-default\">\n\t\t\t\t\t<div class=\"elementor-column elementor-col-100 elementor-top-column elementor-element elementor-element-877ea98\" data-id=\"877ea98\" data-element_type=\"column\" data-e-type=\"column\">\n\t\t\t<div class=\"elementor-widget-wrap elementor-element-populated\">\n\t\t\t\t\t\t<div class=\"elementor-element elementor-element-bc4fcd8 elementor-widget elementor-widget-heading\" data-id=\"bc4fcd8\" data-element_type=\"widget\" data-e-type=\"widget\" data-widget_type=\"heading.default\">\n\t\t\t\t<div class=\"elementor-widget-container\">\n\t\t\t\t\t<h2 class=\"elementor-heading-title elementor-size-default\">Ozn\u00e1men\u00ed o ochran\u011b osobn\u00edch \u00fadaj\u016f<\/h2>\t\t\t\t<\/div>\n\t\t\t\t<\/div>\n\t\t\t\t<div class=\"elementor-element elementor-element-eab4e15 elementor-widget-divider--separator-type-pattern elementor-widget-divider--view-line elementor-widget elementor-widget-divider\" data-id=\"eab4e15\" data-element_type=\"widget\" data-e-type=\"widget\" data-widget_type=\"divider.default\">\n\t\t\t\t<div class=\"elementor-widget-container\">\n\t\t\t\t\t\t\t<div class=\"elementor-divider\" style=\"--divider-pattern-url: url(&quot;data:image\/svg+xml,%3Csvg xmlns=&#039;http:\/\/www.w3.org\/2000\/svg&#039; preserveAspectRatio=&#039;none&#039; overflow=&#039;visible&#039; height=&#039;100%&#039; viewBox=&#039;0 0 24 24&#039; fill=&#039;none&#039; stroke=&#039;black&#039; stroke-width=&#039;2&#039; stroke-linecap=&#039;square&#039; stroke-miterlimit=&#039;10&#039;%3E%3Cpolyline points=&#039;0,18 12,6 24,18 &#039;\/%3E%3C\/svg%3E&quot;);\">\n\t\t\t<span class=\"elementor-divider-separator\">\n\t\t\t\t\t\t<\/span>\n\t\t<\/div>\n\t\t\t\t\t\t<\/div>\n\t\t\t\t<\/div>\n\t\t\t\t\t<\/div>\n\t\t<\/div>\n\t\t\t\t\t<\/div>\n\t\t<\/section>\n\t\t\t\t<section class=\"elementor-section elementor-top-section elementor-element elementor-element-f679e2e elementor-section-boxed elementor-section-height-default elementor-section-height-default\" data-id=\"f679e2e\" data-element_type=\"section\" data-e-type=\"section\">\n\t\t\t\t\t\t<div class=\"elementor-container elementor-column-gap-default\">\n\t\t\t\t\t<div class=\"elementor-column elementor-col-100 elementor-top-column elementor-element elementor-element-0034b95\" data-id=\"0034b95\" data-element_type=\"column\" data-e-type=\"column\">\n\t\t\t<div class=\"elementor-widget-wrap elementor-element-populated\">\n\t\t\t\t\t\t<div class=\"elementor-element elementor-element-3468b1c elementor-widget elementor-widget-text-editor\" data-id=\"3468b1c\" data-element_type=\"widget\" data-e-type=\"widget\" data-widget_type=\"text-editor.default\">\n\t\t\t\t<div class=\"elementor-widget-container\">\n\t\t\t\t\t\t\t\t\t<section data-id=\"ae5007b\" data-element_type=\"section\"><div><div data-id=\"fb13eb3\" data-element_type=\"column\"><div><div data-id=\"6b1919f\" data-element_type=\"widget\" data-widget_type=\"text-editor.default\"><div><section data-id=\"5e41921\" data-element_type=\"section\" data-settings=\"{\"><div><div><div data-id=\"cf8cf65\" data-element_type=\"column\"><div><div><div data-id=\"170bcf0\" data-element_type=\"widget\" data-widget_type=\"text-editor.default\"><div><div><section><div><div><div><div><div><div><div><div><div><div><div><div><div><div><div><div><p>\u00da\u010delem t\u011bchto Z\u00e1sad ochrany osobn\u00edch \u00fadaj\u016f je stanovit z\u00e1sady ochrany a spr\u00e1vy osobn\u00edch \u00fadaj\u016f a z\u00e1sady ochrany a spr\u00e1vy osobn\u00edch \u00fadaj\u016f provozovatele webov\u00fdch str\u00e1nek amiraapartman.hu (d\u00e1le jen \"webov\u00e9 str\u00e1nky\"), spole\u010dnosti Annam\u00e1ria Hatal\u00e1n\u00e9 Antal (d\u00e1le jen \"poskytovatel slu\u017eeb\"), kter\u00e9 poskytovatel slu\u017eeb uzn\u00e1v\u00e1 za z\u00e1vazn\u00e9, nebo\u0165 c\u00edlem poskytovatele slu\u017eeb je zajistit ochranu osobn\u00edch \u00fadaj\u016f u\u017eivatel\u016f registrovan\u00fdch na webov\u00fdch str\u00e1nk\u00e1ch v co nej\u0161ir\u0161\u00edm rozsahu.<\/p><p>Pou\u017e\u00edv\u00e1n\u00edm webov\u00fdch str\u00e1nek, vyu\u017e\u00edv\u00e1n\u00edm jak\u00fdchkoli jejich slu\u017eeb nebo aplikac\u00ed u\u017eivatel souhlas\u00ed se zpracov\u00e1n\u00edm sv\u00fdch osobn\u00edch \u00fadaj\u016f v souladu s ustanoven\u00edmi t\u011bchto Z\u00e1sad ochrany osobn\u00edch \u00fadaj\u016f.<\/p><ol><li>\u00daDAJE SPR\u00c1VCE \u00daDAJ\u016e<\/li><\/ol><p>Jm\u00e9no: pan\u00ed Antal Annam\u00e1ria Hatal\u00e1n\u00e9<\/p><p>Da\u0148ov\u00e9 \u010d\u00edslo: 79094748-1-30<\/p><p>Telefon +36 (30) 965 5363.<\/p><p>E-mail: antal.ami2002@gmail.com<\/p><ol start=\"2\"><li>DEFINICE POJM\u016e<\/li><\/ol><p>Pojmy pou\u017eit\u00e9 v tomto ozn\u00e1men\u00ed se vykl\u00e1daj\u00ed v souladu s definicemi uveden\u00fdmi ve v\u00fdkladov\u00fdch ustanoven\u00edch z\u00e1kona CXII z roku 2011 o pr\u00e1vu na informa\u010dn\u00ed sebeur\u010den\u00ed a svobod\u011b informac\u00ed (d\u00e1le jen \"informa\u010dn\u00ed z\u00e1kon\") takto.<\/p><p>Osobn\u00ed \u00fadaje: \u00fadaje, kter\u00e9 lze spojit se subjektem \u00fadaj\u016f, zejm\u00e9na jm\u00e9no, identifika\u010dn\u00ed znak a jeden nebo v\u00edce faktor\u016f specifick\u00fdch pro jeho fyzickou, fyziologickou, du\u0161evn\u00ed, ekonomickou, kulturn\u00ed nebo soci\u00e1ln\u00ed identitu, a z\u00e1v\u011bry, kter\u00e9 lze z \u00fadaj\u016f o subjektu \u00fadaj\u016f vyvodit;<\/p><p>Subjekt \u00fadaj\u016f: jak\u00e1koli fyzick\u00e1 osoba (v p\u0159\u00edpad\u011b tohoto ozn\u00e1men\u00ed u\u017eivatel), kter\u00e1 je nebo m\u016f\u017ee b\u00fdt p\u0159\u00edmo \u010di nep\u0159\u00edmo identifikov\u00e1na na z\u00e1klad\u011b osobn\u00edch \u00fadaj\u016f;<\/p><p>Souhlas: dobrovoln\u00fd a v\u00fdslovn\u00fd projev v\u016fle subjektu \u00fadaj\u016f, zalo\u017een\u00fd na vhodn\u00fdch informac\u00edch, kter\u00fdm subjekt \u00fadaj\u016f d\u00e1v\u00e1 jednozna\u010dn\u00fd souhlas se zpracov\u00e1n\u00edm osobn\u00edch \u00fadaj\u016f, kter\u00e9 se ho t\u00fdkaj\u00ed, a to bu\u010f v pln\u00e9m rozsahu, nebo ve vztahu ke konkr\u00e9tn\u00edm operac\u00edm;<\/p><p>Zpracov\u00e1n\u00ed \u00fadaj\u016f: jak\u00e1koli operace nebo soubor operac\u00ed, kter\u00e9 se prov\u00e1d\u011bj\u00ed s \u00fadaji, bez ohledu na pou\u017eit\u00fd postup, zejm\u00e9na jak\u00e9koli shroma\u017e\u010fov\u00e1n\u00ed, zaznamen\u00e1v\u00e1n\u00ed, evidence, uspo\u0159\u00e1d\u00e1v\u00e1n\u00ed, uchov\u00e1v\u00e1n\u00ed, pozm\u011b\u0148ov\u00e1n\u00ed, pou\u017e\u00edv\u00e1n\u00ed, vyhled\u00e1v\u00e1n\u00ed, zp\u0159\u00edstup\u0148ov\u00e1n\u00ed, p\u0159ed\u00e1v\u00e1n\u00ed, se\u0159azov\u00e1n\u00ed nebo kombinov\u00e1n\u00ed, blokov\u00e1n\u00ed, vymaz\u00e1v\u00e1n\u00ed nebo ni\u010den\u00ed \u00fadaj\u016f, zamezen\u00ed jejich dal\u0161\u00edho pou\u017eit\u00ed, po\u0159izov\u00e1n\u00ed fotografi\u00ed, zvukov\u00fdch z\u00e1znam\u016f nebo obrazov\u00fdch sn\u00edmk\u016f a fyzick\u00fdch znak\u016f, kter\u00e9 lze pou\u017e\u00edt k identifikaci osoby (nap\u0159. otisky prst\u016f, otisky dlan\u00ed, vzorky DNA, skeny o\u010dn\u00ed duhovky);<\/p><p>Spr\u00e1vce \u00fadaj\u016f: fyzick\u00e1 nebo pr\u00e1vnick\u00e1 osoba nebo subjekt bez pr\u00e1vn\u00ed subjektivity, kter\u00fd s\u00e1m nebo spole\u010dn\u011b s jin\u00fdmi ur\u010duje \u00fa\u010dely zpracov\u00e1n\u00ed \u00fadaj\u016f, p\u0159ij\u00edm\u00e1 a prov\u00e1d\u00ed rozhodnut\u00ed t\u00fdkaj\u00edc\u00ed se zpracov\u00e1n\u00ed (v\u010detn\u011b pou\u017eit\u00fdch prost\u0159edk\u016f) nebo je prov\u00e1d\u00ed prost\u0159ednictv\u00edm zpracovatele (v p\u0159\u00edpad\u011b tohoto ozn\u00e1men\u00ed poskytovatele slu\u017eeb);<\/p><p>P\u0159enos: zp\u0159\u00edstupn\u011bn\u00ed dat ur\u010den\u00e9 t\u0159et\u00ed stran\u011b;<\/p><p>Zve\u0159ejn\u011bn\u00ed: zp\u0159\u00edstupn\u011bn\u00ed \u00fadaj\u016f komukoli;<\/p><p>Vymaz\u00e1n\u00ed dat: znemo\u017en\u011bn\u00ed rozpozn\u00e1n\u00ed dat takov\u00fdm zp\u016fsobem, \u017ee je ji\u017e nen\u00ed mo\u017en\u00e9 obnovit;<\/p><p>Ozna\u010den\u00ed dat: ozna\u010den\u00ed dat identifika\u010dn\u00ed zna\u010dkou, kter\u00e1 je odli\u0161uje;<\/p><p>Blokov\u00e1n\u00ed \u00fadaj\u016f: ozna\u010den\u00ed \u00fadaj\u016f identifik\u00e1torem za \u00fa\u010delem trval\u00e9ho nebo \u010dasov\u011b omezen\u00e9ho omezen\u00ed jejich dal\u0161\u00edho zpracov\u00e1n\u00ed;<\/p><p>Zpracov\u00e1n\u00ed \u00fadaj\u016f: prov\u00e1d\u011bn\u00ed technick\u00fdch \u00fakol\u016f souvisej\u00edc\u00edch s operacemi zpracov\u00e1n\u00ed \u00fadaj\u016f bez ohledu na zp\u016fsob a prost\u0159edky pou\u017eit\u00e9 k prov\u00e1d\u011bn\u00ed operac\u00ed a m\u00edsto pou\u017eit\u00ed, pokud je technick\u00fd \u00fakol prov\u00e1d\u011bn na \u00fadaj\u00edch;<\/p><p>Zpracovatel \u00fadaj\u016f: fyzick\u00e1 nebo pr\u00e1vnick\u00e1 osoba nebo subjekt bez pr\u00e1vn\u00ed subjektivity, kter\u00fd zpracov\u00e1v\u00e1 \u00fadaje na z\u00e1klad\u011b smlouvy se spr\u00e1vcem, v\u010detn\u011b smlouvy uzav\u0159en\u00e9 podle pr\u00e1vn\u00edho p\u0159edpisu;<\/p><ol start=\"3\"><li>PRINCIP SPR\u00c1VY DAT<\/li><\/ol><p>Poskytovatel slu\u017eeb zpracov\u00e1v\u00e1 zaznamenan\u00e9 osobn\u00ed \u00fadaje v souladu s platn\u00fdmi pr\u00e1vn\u00edmi p\u0159edpisy o ochran\u011b osobn\u00edch \u00fadaj\u016f, zejm\u00e9na s informa\u010dn\u00edm z\u00e1konem, a v souladu s t\u011bmito informacemi.<\/p><ol start=\"4\"><li>PR\u00c1VN\u00cd Z\u00c1KLAD PRO ZPRACOV\u00c1N\u00cd<\/li><\/ol><p>Shroma\u017e\u010fov\u00e1n\u00ed a zpracov\u00e1n\u00ed osobn\u00edch \u00fadaj\u016f v souvislosti s provozem webov\u00fdch str\u00e1nek a jejich slu\u017eeb je zalo\u017eeno na dobrovoln\u00e9m souhlasu subjektu \u00fadaj\u016f.<\/p><p>U\u017eivatel d\u00e1v\u00e1 sv\u016fj souhlas t\u00edm, \u017ee vyu\u017e\u00edv\u00e1 slu\u017eby webov\u00fdch str\u00e1nek (registrace).<\/p><p>Poskytovatel slu\u017eeb je opr\u00e1vn\u011bn zas\u00edlat u\u017eivateli informa\u010dn\u00ed bulletin nebo jinou reklamn\u00ed po\u0161tu za p\u0159edpokladu, \u017ee k tomu u\u017eivatel ud\u011blil sv\u016fj p\u0159edchoz\u00ed, jasn\u00fd, v\u00fdslovn\u00fd a dobrovoln\u00fd souhlas poskytnut\u00edm p\u0159\u00edslu\u0161n\u00fdch \u00fadaj\u016f p\u0159i registraci. Poskytovatel slu\u017eeb nen\u00ed povinen ov\u011b\u0159ovat, zda \u00fadaje, kter\u00e9 u\u017eivatel uvedl p\u0159i registraci nebo jinak p\u0159i ud\u011blen\u00ed souhlasu, jsou pravdiv\u00e9 a spr\u00e1vn\u00e9.<\/p><p>U\u017eivatel m\u016f\u017ee sv\u016fj dobrovoln\u00fd souhlas uveden\u00fd v p\u0159edchoz\u00edm bod\u011b kdykoli odvolat. V takov\u00e9m p\u0159\u00edpad\u011b poskytovatel slu\u017eeb nebude po odstoupen\u00ed od smlouvy zas\u00edlat u\u017eivateli \u017e\u00e1dn\u00e9 dal\u0161\u00ed informa\u010dn\u00ed bulletiny ani jin\u00e9 reklamn\u00ed z\u00e1silky a vyma\u017ee \u00fadaje u\u017eivatele z \u00fadaj\u016f u\u017eivatel\u016f p\u0159ihl\u00e1\u0161en\u00fdch k odb\u011bru informa\u010dn\u00edch bulletin\u016f.<\/p><p>Nestanov\u00ed-li z\u00e1kon jinak, m\u016f\u017ee poskytovatel slu\u017eeb zpracov\u00e1vat shrom\u00e1\u017ed\u011bn\u00e9 osobn\u00ed \u00fadaje za \u00fa\u010delem spln\u011bn\u00ed pr\u00e1vn\u00ed povinnosti (zejm\u00e9na \u00fa\u010detn\u00ed povinnosti, smluvn\u00edho z\u00e1vazku s u\u017eivatelem) nebo za \u00fa\u010delem uplatn\u011bn\u00ed vlastn\u00edho opr\u00e1vn\u011bn\u00e9ho z\u00e1jmu nebo opr\u00e1vn\u011bn\u00e9ho z\u00e1jmu t\u0159et\u00ed osoby, pokud je uplatn\u011bn\u00ed takov\u00e9ho z\u00e1jmu p\u0159im\u011b\u0159en\u00e9 omezen\u00ed pr\u00e1va na ochranu osobn\u00edch \u00fadaj\u016f, a to bez dal\u0161\u00edho konkr\u00e9tn\u00edho souhlasu a i po odvol\u00e1n\u00ed souhlasu u\u017eivatele.<\/p><ol start=\"5\"><li>ROZSAH ZPRACOV\u00c1VAN\u00ddCH \u00daDAJ\u016e<\/li><\/ol><p>Poskytovatel slu\u017eeb zpracov\u00e1v\u00e1 n\u00e1sleduj\u00edc\u00ed osobn\u00ed \u00fadaje u\u017eivatele v pr\u016fb\u011bhu a po skon\u010den\u00ed poskytov\u00e1n\u00ed slu\u017eby poskytovan\u00e9 poskytovatelem slu\u017eeb, a to na z\u00e1klad\u011b dobrovoln\u00e9ho souhlasu u\u017eivatele: p\u0159\u00edjmen\u00ed, jm\u00e9no, e-mailov\u00e1 adresa.<\/p><p>Za pravdivost a p\u0159esnost osobn\u00edch \u00fadaj\u016f odpov\u00edd\u00e1 v\u00fdhradn\u011b u\u017eivatel.<\/p><ol start=\"6\"><li>\u00da\u010cEL ZPRACOV\u00c1N\u00cd<\/li><\/ol><p>\u00da\u010delem zpracov\u00e1n\u00ed osobn\u00edch \u00fadaj\u016f u\u017eivatele je zas\u00edl\u00e1n\u00ed newsletteru a reklamn\u00ed po\u0161ty uveden\u00e9 v bod\u011b IV a pln\u011bn\u00ed dal\u0161\u00edch z\u00e1konn\u00fdch povinnost\u00ed poskytovatele slu\u017eeb. Poskytovatel slu\u017eeb nep\u0159ed\u00e1 osobn\u00ed \u00fadaje u\u017eivatele neopr\u00e1vn\u011bn\u00fdm t\u0159et\u00edm stran\u00e1m.<\/p><ol start=\"7\"><li>DOBA ZPRACOV\u00c1N\u00cd \u00daDAJ\u016e, ZM\u011aNA, V\u00ddMAZ, N\u00c1MITKA PROTI ZPRACOV\u00c1N\u00cd \u00daDAJ\u016e.<\/li><\/ol><p>Poskytovatel slu\u017eeb zpracov\u00e1v\u00e1 osobn\u00ed \u00fadaje zpracov\u00e1van\u00e9 v souvislosti s vyu\u017e\u00edv\u00e1n\u00edm slu\u017eeb a\u017e do napln\u011bn\u00ed \u00fa\u010delu zpracov\u00e1n\u00ed \u00fadaj\u016f.<\/p><p>Osobn\u00ed \u00fadaje poskytnut\u00e9 p\u0159i registraci m\u016f\u017ee u\u017eivatel kdykoli po vstupu na webov\u00e9 str\u00e1nky zm\u011bnit.<\/p><p>U\u017eivatel m\u016f\u017ee po\u017e\u00e1dat o vymaz\u00e1n\u00ed sv\u00fdch osobn\u00edch \u00fadaj\u016f zasl\u00e1n\u00edm e-mailu na adresu antal.ami2002@gmail.com. Poskytovatel slu\u017eeb vyma\u017ee osobn\u00ed \u00fadaje u\u017eivatele i bez \u017e\u00e1dosti subjektu \u00fadaj\u016f, pokud je zpracov\u00e1n\u00ed protipr\u00e1vn\u00ed, pokud \u00fa\u010del zpracov\u00e1n\u00ed zanikl, nebo pokud uplynula z\u00e1konn\u00e1 lh\u016fta pro ulo\u017een\u00ed \u00fadaj\u016f, nebo pokud to na\u0159\u00eddil soud nebo N\u00e1rodn\u00ed \u00fa\u0159ad pro ochranu osobn\u00edch \u00fadaj\u016f a svobodu informac\u00ed, nebo pokud je zpracov\u00e1n\u00ed ne\u00fapln\u00e9 nebo nespr\u00e1vn\u00e9 - a tento stav nelze z\u00e1konn\u00fdm zp\u016fsobem napravit - za p\u0159edpokladu, \u017ee v\u00fdmaz nen\u00ed vylou\u010den z\u00e1konem.<\/p><p>Poskytovatel slu\u017eeb m\u00edsto v\u00fdmazu osobn\u00edch \u00fadaj\u016f osobn\u00ed \u00fadaje zablokuje, pokud o to u\u017eivatel po\u017e\u00e1d\u00e1 nebo pokud lze na z\u00e1klad\u011b jemu dostupn\u00fdch informac\u00ed p\u0159edpokl\u00e1dat, \u017ee by v\u00fdmaz po\u0161kodil opr\u00e1vn\u011bn\u00e9 z\u00e1jmy u\u017eivatele. Zablokovan\u00e9 osobn\u00ed \u00fadaje bude poskytovatel slu\u017eeb zpracov\u00e1vat pouze po dobu, kdy existuje \u00fa\u010del zpracov\u00e1n\u00ed \u00fadaj\u016f, kter\u00fd vylu\u010duje jejich v\u00fdmaz. Po odvol\u00e1n\u00ed souhlasu u\u017eivatele m\u016f\u017ee poskytovatel slu\u017eeb nad\u00e1le zpracov\u00e1vat osobn\u00ed \u00fadaje t\u00fdkaj\u00edc\u00ed se subjektu \u00fadaj\u016f za \u00fa\u010delem pln\u011bn\u00ed sv\u00fdch z\u00e1konn\u00fdch povinnost\u00ed (zejm\u00e9na povinnost\u00ed v oblasti \u00fa\u010detnictv\u00ed).<\/p><p>U\u017eivatel m\u016f\u017ee vzn\u00e9st n\u00e1mitku proti zpracov\u00e1n\u00ed sv\u00fdch osobn\u00edch \u00fadaj\u016f zasl\u00e1n\u00edm e-mailu na adresu antal.ami2002@gmail.com,<\/p><p>- pokud je zpracov\u00e1n\u00ed nebo p\u0159ed\u00e1n\u00ed osobn\u00edch \u00fadaj\u016f nezbytn\u00e9 v\u00fdhradn\u011b pro spln\u011bn\u00ed pr\u00e1vn\u00ed povinnosti, kter\u00e1 se na poskytovatele slu\u017eeb vztahuje, nebo pro \u00fa\u010dely opr\u00e1vn\u011bn\u00fdch z\u00e1jm\u016f spr\u00e1vce, p\u0159\u00edjemce nebo t\u0159et\u00ed strany, s v\u00fdjimkou p\u0159\u00edpadu tzv. povinn\u00e9ho zpracov\u00e1n\u00ed;<\/p><p>- pokud jsou osobn\u00ed \u00fadaje pou\u017eity nebo zve\u0159ejn\u011bny pro \u00fa\u010dely p\u0159\u00edm\u00e9ho marketingu, pr\u016fzkumu ve\u0159ejn\u00e9ho m\u00edn\u011bn\u00ed nebo v\u011bdeck\u00e9ho v\u00fdzkumu; a<\/p><p>- v jak\u00e9mkoli jin\u00e9m z\u00e1konem stanoven\u00e9m p\u0159\u00edpad\u011b.<\/p><p>Spr\u00e1vce n\u00e1mitku p\u0159ezkoum\u00e1 v co nejkrat\u0161\u00ed mo\u017en\u00e9 lh\u016ft\u011b ode dne pod\u00e1n\u00ed \u017e\u00e1dosti, nejpozd\u011bji v\u0161ak do 15 dn\u016f, rozhodne, zda je n\u00e1mitka opr\u00e1vn\u011bn\u00e1, a p\u00edsemn\u011b informuje \u017eadatele o sv\u00e9m rozhodnut\u00ed.<\/p><p>Pokud spr\u00e1vce zjist\u00ed, \u017ee n\u00e1mitka subjektu \u00fadaj\u016f je opr\u00e1vn\u011bn\u00e1, ukon\u010d\u00ed zpracov\u00e1n\u00ed, v\u010detn\u011b dal\u0161\u00edho shroma\u017e\u010fov\u00e1n\u00ed a dal\u0161\u00edho p\u0159ed\u00e1v\u00e1n\u00ed, a zablokuje \u00fadaje a ozn\u00e1m\u00ed n\u00e1mitku a opat\u0159en\u00ed p\u0159ijat\u00e1 na z\u00e1klad\u011b n\u00e1mitky v\u0161em, kter\u00fdm subjekt \u00fadaj\u016f n\u00e1mitku d\u0159\u00edve sd\u011blil a kte\u0159\u00ed jsou povinni p\u0159ijmout opat\u0159en\u00ed k uplatn\u011bn\u00ed pr\u00e1va vzn\u00e9st n\u00e1mitku.<\/p><p>Pokud subjekt \u00fadaj\u016f s rozhodnut\u00edm spr\u00e1vce nesouhlas\u00ed nebo pokud spr\u00e1vce nedodr\u017e\u00ed patn\u00e1ctidenn\u00ed lh\u016ftu, m\u016f\u017ee se subjekt \u00fadaj\u016f do 30 dn\u016f od ozn\u00e1men\u00ed rozhodnut\u00ed nebo posledn\u00edho dne lh\u016fty obr\u00e1tit na soud. Soud jedn\u00e1 mimo po\u0159ad\u00ed.<\/p><p>Pokud subjekt \u00fadaj\u016f neobdr\u017e\u00ed \u00fadaje pot\u0159ebn\u00e9 k v\u00fdkonu sv\u00fdch pr\u00e1v, proto\u017ee vznese n\u00e1mitku, m\u016f\u017ee do 15 dn\u016f od ozn\u00e1men\u00ed podat \u017ealobu na spr\u00e1vce, aby z\u00edskal p\u0159\u00edstup k \u00fadaj\u016fm. Spr\u00e1vce m\u016f\u017ee subjekt \u00fadaj\u016f rovn\u011b\u017e pohnat k soudu.<\/p><p>Pokud spr\u00e1vce ozn\u00e1men\u00ed neposkytne, m\u016f\u017ee p\u0159\u00edjemce po\u017e\u00e1dat spr\u00e1vce o objasn\u011bn\u00ed okolnost\u00ed, za kter\u00fdch nebyly \u00fadaje poskytnuty, p\u0159i\u010dem\u017e spr\u00e1vce toto objasn\u011bn\u00ed poskytne do 8 dn\u016f od obdr\u017een\u00ed \u017e\u00e1dosti p\u0159\u00edjemce o takov\u00e9 objasn\u011bn\u00ed. V p\u0159\u00edpad\u011b \u017e\u00e1dosti o vysv\u011btlen\u00ed m\u016f\u017ee subjekt \u00fadaj\u016f podat proti spr\u00e1vci \u017ealobu k soudu do 15 dn\u016f ode dne, kdy bylo vysv\u011btlen\u00ed poskytnuto, nejpozd\u011bji v\u0161ak do uplynut\u00ed lh\u016fty pro poskytnut\u00ed vysv\u011btlen\u00ed. Spr\u00e1vce m\u016f\u017ee rovn\u011b\u017e zah\u00e1jit soudn\u00ed \u0159\u00edzen\u00ed proti subjektu \u00fadaj\u016f.<\/p><p>Spr\u00e1vce nesm\u00ed vymazat \u00fadaje subjektu \u00fadaj\u016f, pokud zpracov\u00e1n\u00ed vy\u017eaduje z\u00e1kon. \u00dadaje v\u0161ak nesm\u00ed b\u00fdt p\u0159ed\u00e1ny p\u0159\u00edjemci \u00fadaj\u016f, pokud spr\u00e1vce s n\u00e1mitkou souhlasil nebo pokud soud rozhodl, \u017ee je n\u00e1mitka opr\u00e1vn\u011bn\u00e1.<\/p><ol start=\"8\"><li>\u017d\u00c1DOST O INFORMACE<\/li><\/ol><p>U\u017eivatel m\u00e1 pr\u00e1vo kdykoli po\u017e\u00e1dat o informace o osobn\u00edch \u00fadaj\u00edch, kter\u00e9 o n\u011bm poskytovatel slu\u017eeb zpracov\u00e1v\u00e1 v souvislosti se slu\u017ebami webov\u00fdch str\u00e1nek, a to zasl\u00e1n\u00edm e-mailu na adresu antal.ami2002@gmail.com nebo na telefonn\u00edm \u010d\u00edsle +36 (30) 965 5363. Poskytovatel slu\u017eeb na \u017e\u00e1dost u\u017eivatele poskytne informace o \u00fadaj\u00edch t\u00fdkaj\u00edc\u00edch se u\u017eivatele, kter\u00e9 poskytovatel slu\u017eeb zpracov\u00e1v\u00e1 v souvislosti s danou slu\u017ebou, o jejich zdroji, \u00fa\u010delu, pr\u00e1vn\u00edm z\u00e1kladu a dob\u011b trv\u00e1n\u00ed zpracov\u00e1n\u00ed \u00fadaj\u016f, n\u00e1zvu a adrese zpracovatele \u00fadaj\u016f, pr\u00e1vn\u00edm z\u00e1kladu a p\u0159\u00edjemci p\u0159ed\u00e1n\u00ed \u00fadaj\u016f a o \u010dinnostech zpracov\u00e1n\u00ed \u00fadaj\u016f. Poskytovatel slu\u017eeb poskytne informace na \u017e\u00e1dost subjektu \u00fadaj\u016f p\u00edsemn\u011b ve srozumiteln\u00e9 form\u011b a v co nejkrat\u0161\u00ed mo\u017en\u00e9 lh\u016ft\u011b ode dne pod\u00e1n\u00ed \u017e\u00e1dosti, nejpozd\u011bji v\u0161ak do 30 dn\u016f ode dne pod\u00e1n\u00ed \u017e\u00e1dosti. Informace se poskytuj\u00ed bezplatn\u011b. Poskytovatel slu\u017eby pova\u017euje \u017e\u00e1dost p\u0159ijatou z e-mailov\u00e9 adresy, kter\u00e1 byla poskytovateli slu\u017eby d\u0159\u00edve poskytnuta, za \u017e\u00e1dost p\u0159ijatou od u\u017eivatele. V p\u0159\u00edpad\u011b \u017e\u00e1dost\u00ed z jin\u00fdch e-mailov\u00fdch adres a p\u00edsemn\u00fdch \u017e\u00e1dost\u00ed m\u016f\u017ee u\u017eivatel podat \u017e\u00e1dost pouze tehdy, pokud \u0159\u00e1dn\u011b prok\u00e1zal svou zp\u016fsobilost jako u\u017eivatel.<\/p><ol start=\"9\"><li>MO\u017dNOSTI VYM\u00c1H\u00c1N\u00cd<\/li><\/ol><p>U\u017eivatel m\u016f\u017ee uplatnit sv\u00e1 pr\u00e1va podle informa\u010dn\u00edho z\u00e1kona a z\u00e1kona IV z roku 1959 (ob\u010dansk\u00fd z\u00e1kon\u00edk) u soudu a m\u016f\u017ee tak\u00e9 po\u017e\u00e1dat o pomoc N\u00e1rodn\u00ed \u00fa\u0159ad pro ochranu \u00fadaj\u016f a svobodu informac\u00ed v jak\u00e9koli z\u00e1le\u017eitosti t\u00fdkaj\u00edc\u00ed se osobn\u00edch \u00fadaj\u016f (1125 Budapest Szil\u00e1gyi Erzs\u00e9bet fasor 22\/C, po\u0161tovn\u00ed adresa: 1530 Budapest, Pf. 5., ugyfelszolgalat@naih.hu, (+36) 1 391 1400, www.naih.hu).<\/p><\/div><\/div><\/div><\/div><\/div><\/div><\/div><\/div><\/div><\/div><\/div><\/div><\/div><\/div><\/div><\/div><\/section><\/div><\/div><\/div><\/div><\/div><\/div><\/div><\/div><\/section><\/div><\/div><\/div><\/div><\/div><\/section>\t\t\t\t\t\t\t\t<\/div>\n\t\t\t\t<\/div>\n\t\t\t\t\t<\/div>\n\t\t<\/div>\n\t\t\t\t\t<\/div>\n\t\t<\/section>\n\t\t\t\t<\/div>","protected":false},"excerpt":{"rendered":"<p>Z\u00e1sady ochrany osobn\u00edch \u00fadaj\u016f \u00da\u010delem t\u011bchto Z\u00e1sad ochrany osobn\u00edch \u00fadaj\u016f je stanovit z\u00e1sady ochrany soukrom\u00ed a osobn\u00edch \u00fadaj\u016f a z\u00e1sady ochrany soukrom\u00ed a osobn\u00edch \u00fadaj\u016f provozovatele webov\u00fdch str\u00e1nek amiraapartman.hu (d\u00e1le jen webov\u00e9 str\u00e1nky), spole\u010dnosti Annam\u00e1ria Hatal\u00e1n\u00e9 Antal (d\u00e1le jen poskytovatel slu\u017eeb), kter\u00e9 poskytovatel slu\u017eeb uzn\u00e1v\u00e1 za z\u00e1vazn\u00e9, nebo\u0165 jeho c\u00edlem je zajistit co nejvy\u0161\u0161\u00ed \u00farove\u0148 ochrany soukrom\u00ed u\u017eivatel\u016f registrovan\u00fdch na webov\u00fdch str\u00e1nk\u00e1ch. <a title=\"Ozn\u00e1men\u00ed o ochran\u011b osobn\u00edch \u00fadaj\u016f\" class=\"read-more\" href=\"https:\/\/amiraapartman.hu\/cs\/adatkezelesi-tajekoztato\/\" aria-label=\"P\u0159e\u010dt\u011bte si v\u00edce o z\u00e1sad\u00e1ch ochrany osobn\u00edch \u00fadaj\u016f\">\u010c\u00edst d\u00e1l<\/a><\/p>","protected":false},"author":1,"featured_media":0,"parent":0,"menu_order":0,"comment_status":"closed","ping_status":"closed","template":"elementor_header_footer","meta":{"footnotes":""},"class_list":["post-998","page","type-page","status-publish"],"_links":{"self":[{"href":"https:\/\/amiraapartman.hu\/cs\/wp-json\/wp\/v2\/pages\/998","targetHints":{"allow":["GET"]}}],"collection":[{"href":"https:\/\/amiraapartman.hu\/cs\/wp-json\/wp\/v2\/pages"}],"about":[{"href":"https:\/\/amiraapartman.hu\/cs\/wp-json\/wp\/v2\/types\/page"}],"author":[{"embeddable":true,"href":"https:\/\/amiraapartman.hu\/cs\/wp-json\/wp\/v2\/users\/1"}],"replies":[{"embeddable":true,"href":"https:\/\/amiraapartman.hu\/cs\/wp-json\/wp\/v2\/comments?post=998"}],"version-history":[{"count":10,"href":"https:\/\/amiraapartman.hu\/cs\/wp-json\/wp\/v2\/pages\/998\/revisions"}],"predecessor-version":[{"id":1010,"href":"https:\/\/amiraapartman.hu\/cs\/wp-json\/wp\/v2\/pages\/998\/revisions\/1010"}],"wp:attachment":[{"href":"https:\/\/amiraapartman.hu\/cs\/wp-json\/wp\/v2\/media?parent=998"}],"curies":[{"name":"wp","href":"https:\/\/api.w.org\/{rel}","templated":true}]}}