{"id":966,"date":"2022-06-19T14:57:59","date_gmt":"2022-06-19T12:57:59","guid":{"rendered":"https:\/\/amiraapartman.hu\/?page_id=966"},"modified":"2022-06-19T15:01:06","modified_gmt":"2022-06-19T13:01:06","slug":"hazirend","status":"publish","type":"page","link":"https:\/\/amiraapartman.hu\/cs\/hazirend\/","title":{"rendered":"Domovn\u00ed \u0159\u00e1d"},"content":{"rendered":"<div data-elementor-type=\"wp-page\" data-elementor-id=\"966\" class=\"elementor elementor-966\" data-elementor-post-type=\"page\">\n\t\t\t\t\t\t<section class=\"elementor-section elementor-top-section elementor-element elementor-element-ca9e0fd elementor-section-boxed elementor-section-height-default elementor-section-height-default\" data-id=\"ca9e0fd\" data-element_type=\"section\" data-e-type=\"section\">\n\t\t\t\t\t\t<div class=\"elementor-container elementor-column-gap-default\">\n\t\t\t\t\t<div class=\"elementor-column elementor-col-100 elementor-top-column elementor-element elementor-element-877ea98\" data-id=\"877ea98\" data-element_type=\"column\" data-e-type=\"column\">\n\t\t\t<div class=\"elementor-widget-wrap elementor-element-populated\">\n\t\t\t\t\t\t<div class=\"elementor-element elementor-element-bc4fcd8 elementor-widget elementor-widget-heading\" data-id=\"bc4fcd8\" data-element_type=\"widget\" data-e-type=\"widget\" data-widget_type=\"heading.default\">\n\t\t\t\t<div class=\"elementor-widget-container\">\n\t\t\t\t\t<h2 class=\"elementor-heading-title elementor-size-default\">Domovn\u00ed \u0159\u00e1d<\/h2>\t\t\t\t<\/div>\n\t\t\t\t<\/div>\n\t\t\t\t<div class=\"elementor-element elementor-element-eab4e15 elementor-widget-divider--separator-type-pattern elementor-widget-divider--view-line elementor-widget elementor-widget-divider\" data-id=\"eab4e15\" data-element_type=\"widget\" data-e-type=\"widget\" data-widget_type=\"divider.default\">\n\t\t\t\t<div class=\"elementor-widget-container\">\n\t\t\t\t\t\t\t<div class=\"elementor-divider\" style=\"--divider-pattern-url: url(&quot;data:image\/svg+xml,%3Csvg xmlns=&#039;http:\/\/www.w3.org\/2000\/svg&#039; preserveAspectRatio=&#039;none&#039; overflow=&#039;visible&#039; height=&#039;100%&#039; viewBox=&#039;0 0 24 24&#039; fill=&#039;none&#039; stroke=&#039;black&#039; stroke-width=&#039;2&#039; stroke-linecap=&#039;square&#039; stroke-miterlimit=&#039;10&#039;%3E%3Cpolyline points=&#039;0,18 12,6 24,18 &#039;\/%3E%3C\/svg%3E&quot;);\">\n\t\t\t<span class=\"elementor-divider-separator\">\n\t\t\t\t\t\t<\/span>\n\t\t<\/div>\n\t\t\t\t\t\t<\/div>\n\t\t\t\t<\/div>\n\t\t\t\t\t<\/div>\n\t\t<\/div>\n\t\t\t\t\t<\/div>\n\t\t<\/section>\n\t\t\t\t<section class=\"elementor-section elementor-top-section elementor-element elementor-element-f679e2e elementor-section-boxed elementor-section-height-default elementor-section-height-default\" data-id=\"f679e2e\" data-element_type=\"section\" data-e-type=\"section\">\n\t\t\t\t\t\t<div class=\"elementor-container elementor-column-gap-default\">\n\t\t\t\t\t<div class=\"elementor-column elementor-col-100 elementor-top-column elementor-element elementor-element-0034b95\" data-id=\"0034b95\" data-element_type=\"column\" data-e-type=\"column\">\n\t\t\t<div class=\"elementor-widget-wrap elementor-element-populated\">\n\t\t\t\t\t\t<div class=\"elementor-element elementor-element-3468b1c elementor-widget elementor-widget-text-editor\" data-id=\"3468b1c\" data-element_type=\"widget\" data-e-type=\"widget\" data-widget_type=\"text-editor.default\">\n\t\t\t\t<div class=\"elementor-widget-container\">\n\t\t\t\t\t\t\t\t\t<p><b>V\u00e1\u017een\u00ed host\u00e9!<\/b><\/p><p>Ud\u011bl\u00e1me v\u0161e pro to, aby va\u0161e dovolen\u00e1 byla p\u0159\u00edjemn\u00e1 a bezprobl\u00e9mov\u00e1. \u017d\u00e1d\u00e1me v\u00e1s proto, abyste vzali na v\u011bdom\u00ed a dodr\u017eovali n\u00e1sleduj\u00edc\u00ed pokyny.<\/p><ol><li>D\u016fm je k dispozici od 14.00 v den p\u0159\u00edjezdu.<\/li><li>V dom\u011b m\u016f\u017ee b\u00fdt pouze po\u010det osob dohodnut\u00fd v objedn\u00e1vce.<\/li><li>D\u016fm pros\u00edm opus\u0165te do 10.00 v den odjezdu.<\/li><li>Poplatek za ubytov\u00e1n\u00ed se plat\u00ed po p\u0159\u00edjezdu a po odsouhlasen\u00ed podrobnost\u00ed.<\/li><li>Je zak\u00e1z\u00e1no vyn\u00e1\u0161et jak\u00e9koli vybaven\u00ed z domu. P\u0159i odjezdu bude d\u016fm zkontrolov\u00e1n a p\u0159\u00edpadn\u00e9 \u0161kody budou n\u00e1jemcem uhrazeny na m\u00edst\u011b.<\/li><li>Majitel nebo ubytovatel nenese odpov\u011bdnost za p\u0159\u00edpadn\u00e9 nehody v objektu a nem\u016f\u017ee po\u017eadovat \u017e\u00e1dn\u00e9 od\u0161kodn\u011bn\u00ed.<\/li><li>Pronaj\u00edmatel si vyhrazuje pr\u00e1vo okam\u017eit\u011b vyk\u00e1zat z objektu n\u00e1jemce, kter\u00fd nerespektuje domovn\u00ed \u0159\u00e1d.<\/li><li>Dom\u00e1c\u00ed mazl\u00ed\u010dci jsou bez souhlasu majitele v objektu zak\u00e1z\u00e1ni.<\/li><li>Pokud se b\u011bhem sv\u00e9ho pobytu setk\u00e1te s jak\u00fdmikoliv probl\u00e9my, neprodlen\u011b je nahlaste. Pozd\u011bji nem\u016f\u017eeme p\u0159ij\u00edmat \u017e\u00e1dn\u00e9 reklamace.<\/li><li>\u017d\u00e1d\u00e1me hosty, aby se p\u0159ed odchodem z pokoje ujistili, \u017ee jsou v\u0161echny kohoutky, sv\u011btla a klimatizace vypnut\u00e9.<\/li><li>Majitel nenese \u017e\u00e1dnou odpov\u011bdnost za cennosti um\u00edst\u011bn\u00e9 v dom\u011b.<\/li><li>Kou\u0159en\u00ed je povoleno pouze p\u0159ed apartm\u00e1nem a na terase v souladu s protipo\u017e\u00e1rn\u00edmi p\u0159edpisy.<\/li><li>Majitel neodpov\u00edd\u00e1 za nehody nebo \u0161kody zp\u016fsoben\u00e9 b\u011bhem u\u017e\u00edv\u00e1n\u00ed apartm\u00e1nu, za tyto \u0161kody odpov\u00edd\u00e1 v\u00fdhradn\u011b host, nen\u00ed mo\u017en\u00e9 se obr\u00e1tit na soud.<\/li><li>Poskytnut\u00edm sv\u00fdch \u00fadaj\u016f a zaplacen\u00edm poplatku za ubytov\u00e1n\u00ed souhlas\u00edte s t\u011bmito z\u00e1sadami a pova\u017eujete se za jejich z\u00e1vazn\u00e9. Neexistuje pr\u00e1vo na odvol\u00e1n\u00ed.<\/li><\/ol><p>\u00a0<b>Douf\u00e1m, \u017ee va\u0161e volno bude tak p\u0159\u00edjemn\u00e9 a neru\u0161en\u00e9, jak o\u010dek\u00e1v\u00e1te.<\/b><\/p>\t\t\t\t\t\t\t\t<\/div>\n\t\t\t\t<\/div>\n\t\t\t\t\t<\/div>\n\t\t<\/div>\n\t\t\t\t\t<\/div>\n\t\t<\/section>\n\t\t\t\t<\/div>","protected":false},"excerpt":{"rendered":"<p>Domovn\u00ed \u0159\u00e1d V\u00e1\u017een\u00ed host\u00e9! Ud\u011bl\u00e1me v\u0161e pro to, abychom v\u00e1m zajistili p\u0159\u00edjemn\u00fd a bezprobl\u00e9mov\u00fd pobyt. Proto v\u00e1s \u017e\u00e1d\u00e1me, abyste vzali na v\u011bdom\u00ed a dodr\u017eovali n\u00e1sleduj\u00edc\u00ed pravidla. D\u016fm je k dispozici od 14.00 v den p\u0159\u00edjezdu. V dom\u011b se m\u016f\u017ee ubytovat pouze po\u010det osob dohodnut\u00fd v objedn\u00e1vce. V den odjezdu opus\u0165te d\u016fm do 10.00 hodin. P\u0159i p\u0159\u00edjezdu je t\u0159eba uhradit poplatek za ubytov\u00e1n\u00ed, a to v ... <a title=\"Domovn\u00ed \u0159\u00e1d\" class=\"read-more\" href=\"https:\/\/amiraapartman.hu\/cs\/hazirend\/\" aria-label=\"P\u0159e\u010dt\u011bte si v\u00edce o politice bydlen\u00ed\">\u010c\u00edst d\u00e1l<\/a><\/p>","protected":false},"author":1,"featured_media":0,"parent":0,"menu_order":0,"comment_status":"closed","ping_status":"closed","template":"elementor_header_footer","meta":{"footnotes":""},"class_list":["post-966","page","type-page","status-publish"],"_links":{"self":[{"href":"https:\/\/amiraapartman.hu\/cs\/wp-json\/wp\/v2\/pages\/966","targetHints":{"allow":["GET"]}}],"collection":[{"href":"https:\/\/amiraapartman.hu\/cs\/wp-json\/wp\/v2\/pages"}],"about":[{"href":"https:\/\/amiraapartman.hu\/cs\/wp-json\/wp\/v2\/types\/page"}],"author":[{"embeddable":true,"href":"https:\/\/amiraapartman.hu\/cs\/wp-json\/wp\/v2\/users\/1"}],"replies":[{"embeddable":true,"href":"https:\/\/amiraapartman.hu\/cs\/wp-json\/wp\/v2\/comments?post=966"}],"version-history":[{"count":13,"href":"https:\/\/amiraapartman.hu\/cs\/wp-json\/wp\/v2\/pages\/966\/revisions"}],"predecessor-version":[{"id":979,"href":"https:\/\/amiraapartman.hu\/cs\/wp-json\/wp\/v2\/pages\/966\/revisions\/979"}],"wp:attachment":[{"href":"https:\/\/amiraapartman.hu\/cs\/wp-json\/wp\/v2\/media?parent=966"}],"curies":[{"name":"wp","href":"https:\/\/api.w.org\/{rel}","templated":true}]}}