{"id":1011,"date":"2022-06-19T16:14:24","date_gmt":"2022-06-19T14:14:24","guid":{"rendered":"https:\/\/amiraapartman.hu\/?page_id=1011"},"modified":"2022-06-19T16:16:18","modified_gmt":"2022-06-19T14:16:18","slug":"impresszum","status":"publish","type":"page","link":"https:\/\/amiraapartman.hu\/cs\/impresszum\/","title":{"rendered":"sto\u017e\u00e1r"},"content":{"rendered":"<div data-elementor-type=\"wp-page\" data-elementor-id=\"1011\" class=\"elementor elementor-1011\" data-elementor-post-type=\"page\">\n\t\t\t\t\t\t<section class=\"elementor-section elementor-top-section elementor-element elementor-element-ca9e0fd elementor-section-boxed elementor-section-height-default elementor-section-height-default\" data-id=\"ca9e0fd\" data-element_type=\"section\" data-e-type=\"section\">\n\t\t\t\t\t\t<div class=\"elementor-container elementor-column-gap-default\">\n\t\t\t\t\t<div class=\"elementor-column elementor-col-100 elementor-top-column elementor-element elementor-element-877ea98\" data-id=\"877ea98\" data-element_type=\"column\" data-e-type=\"column\">\n\t\t\t<div class=\"elementor-widget-wrap elementor-element-populated\">\n\t\t\t\t\t\t<div class=\"elementor-element elementor-element-bc4fcd8 elementor-widget elementor-widget-heading\" data-id=\"bc4fcd8\" data-element_type=\"widget\" data-e-type=\"widget\" data-widget_type=\"heading.default\">\n\t\t\t\t<div class=\"elementor-widget-container\">\n\t\t\t\t\t<h2 class=\"elementor-heading-title elementor-size-default\">sto\u017e\u00e1r<\/h2>\t\t\t\t<\/div>\n\t\t\t\t<\/div>\n\t\t\t\t<div class=\"elementor-element elementor-element-eab4e15 elementor-widget-divider--separator-type-pattern elementor-widget-divider--view-line elementor-widget elementor-widget-divider\" data-id=\"eab4e15\" data-element_type=\"widget\" data-e-type=\"widget\" data-widget_type=\"divider.default\">\n\t\t\t\t<div class=\"elementor-widget-container\">\n\t\t\t\t\t\t\t<div class=\"elementor-divider\" style=\"--divider-pattern-url: url(&quot;data:image\/svg+xml,%3Csvg xmlns=&#039;http:\/\/www.w3.org\/2000\/svg&#039; preserveAspectRatio=&#039;none&#039; overflow=&#039;visible&#039; height=&#039;100%&#039; viewBox=&#039;0 0 24 24&#039; fill=&#039;none&#039; stroke=&#039;black&#039; stroke-width=&#039;2&#039; stroke-linecap=&#039;square&#039; stroke-miterlimit=&#039;10&#039;%3E%3Cpolyline points=&#039;0,18 12,6 24,18 &#039;\/%3E%3C\/svg%3E&quot;);\">\n\t\t\t<span class=\"elementor-divider-separator\">\n\t\t\t\t\t\t<\/span>\n\t\t<\/div>\n\t\t\t\t\t\t<\/div>\n\t\t\t\t<\/div>\n\t\t\t\t\t<\/div>\n\t\t<\/div>\n\t\t\t\t\t<\/div>\n\t\t<\/section>\n\t\t\t\t<section class=\"elementor-section elementor-top-section elementor-element elementor-element-f679e2e elementor-section-boxed elementor-section-height-default elementor-section-height-default\" data-id=\"f679e2e\" data-element_type=\"section\" data-e-type=\"section\">\n\t\t\t\t\t\t<div class=\"elementor-container elementor-column-gap-default\">\n\t\t\t\t\t<div class=\"elementor-column elementor-col-100 elementor-top-column elementor-element elementor-element-0034b95\" data-id=\"0034b95\" data-element_type=\"column\" data-e-type=\"column\">\n\t\t\t<div class=\"elementor-widget-wrap elementor-element-populated\">\n\t\t\t\t\t\t<div class=\"elementor-element elementor-element-3468b1c elementor-widget elementor-widget-text-editor\" data-id=\"3468b1c\" data-element_type=\"widget\" data-e-type=\"widget\" data-widget_type=\"text-editor.default\">\n\t\t\t\t<div class=\"elementor-widget-container\">\n\t\t\t\t\t\t\t\t\t<p style=\"text-align: center;\"><strong>Kontaktn\u00ed jm\u00e9no:\u00a0<\/strong>Pan\u00ed Annam\u00e1ria Antal Hatal\u00e1n <br \/><strong>Telefon:<\/strong>\u00a0+36 (30) 965 5363<br \/><strong>E-mail:<\/strong> <a class=\"moz-txt-link-abbreviated\" href=\"mailto:antal.ami2002@gmail.com\">antal.ami2002@gmail.com<\/a><br \/><strong>Internet:<\/strong> amiraapartman.hu<br \/><strong>Da\u0148ov\u00e9 \u010d\u00edslo:\u00a0<\/strong>79094748-1-30<\/p>\t\t\t\t\t\t\t\t<\/div>\n\t\t\t\t<\/div>\n\t\t\t\t\t<\/div>\n\t\t<\/div>\n\t\t\t\t\t<\/div>\n\t\t<\/section>\n\t\t\t\t<\/div>","protected":false},"excerpt":{"rendered":"<p>Kontaktn\u00ed jm\u00e9no: Hatal\u00e1n\u00e9 Antal Annam\u00e1ria Telefon: +36 (30) 965 5363E-mail: antal.ami2002@gmail.comInternet: amiraapartman.huObjedn\u00e1vkov\u00e9 \u010d\u00edslo: 79094748-1-30<\/p>","protected":false},"author":1,"featured_media":0,"parent":0,"menu_order":0,"comment_status":"closed","ping_status":"closed","template":"elementor_header_footer","meta":{"footnotes":""},"class_list":["post-1011","page","type-page","status-publish"],"_links":{"self":[{"href":"https:\/\/amiraapartman.hu\/cs\/wp-json\/wp\/v2\/pages\/1011","targetHints":{"allow":["GET"]}}],"collection":[{"href":"https:\/\/amiraapartman.hu\/cs\/wp-json\/wp\/v2\/pages"}],"about":[{"href":"https:\/\/amiraapartman.hu\/cs\/wp-json\/wp\/v2\/types\/page"}],"author":[{"embeddable":true,"href":"https:\/\/amiraapartman.hu\/cs\/wp-json\/wp\/v2\/users\/1"}],"replies":[{"embeddable":true,"href":"https:\/\/amiraapartman.hu\/cs\/wp-json\/wp\/v2\/comments?post=1011"}],"version-history":[{"count":4,"href":"https:\/\/amiraapartman.hu\/cs\/wp-json\/wp\/v2\/pages\/1011\/revisions"}],"predecessor-version":[{"id":1015,"href":"https:\/\/amiraapartman.hu\/cs\/wp-json\/wp\/v2\/pages\/1011\/revisions\/1015"}],"wp:attachment":[{"href":"https:\/\/amiraapartman.hu\/cs\/wp-json\/wp\/v2\/media?parent=1011"}],"curies":[{"name":"wp","href":"https:\/\/api.w.org\/{rel}","templated":true}]}}